{"id":6858,"date":"2025-01-23T18:06:19","date_gmt":"2025-01-23T18:06:19","guid":{"rendered":"https:\/\/tantratenerife.es\/?page_id=6858"},"modified":"2025-02-06T12:15:20","modified_gmt":"2025-02-06T12:15:20","slug":"corso-di-sessualita-tantrica","status":"publish","type":"page","link":"https:\/\/tantratenerife.es\/it\/corso-di-sessualita-tantrica\/","title":{"rendered":"Corso di sessualit\u00e0 tantrica"},"content":{"rendered":"\t\t<div data-elementor-type=\"wp-page\" data-elementor-id=\"6858\" class=\"elementor elementor-6858 elementor-6855\" data-elementor-post-type=\"page\">\n\t\t\t\t<div class=\"elementor-element elementor-element-1d2c1e3 e-flex e-con-boxed e-con e-parent\" data-id=\"1d2c1e3\" data-element_type=\"container\" data-e-type=\"container\" data-settings=\"{&quot;background_background&quot;:&quot;classic&quot;}\">\n\t\t\t\t\t<div class=\"e-con-inner\">\n\t\t<div class=\"elementor-element elementor-element-b4274b1 e-flex e-con-boxed e-con e-child\" data-id=\"b4274b1\" data-element_type=\"container\" data-e-type=\"container\">\n\t\t\t\t\t<div class=\"e-con-inner\">\n\t\t\t\t<div class=\"elementor-element elementor-element-bc82962 elementor-widget elementor-widget-text-editor\" data-id=\"bc82962\" data-element_type=\"widget\" data-e-type=\"widget\" data-widget_type=\"text-editor.default\">\n\t\t\t\t<div class=\"elementor-widget-container\">\n\t\t\t\t\t\t\t\t\t<h1>Corso di Sessualit\u00e0 Tantrica<\/h1>\t\t\t\t\t\t\t\t<\/div>\n\t\t\t\t<\/div>\n\t\t\t\t\t<\/div>\n\t\t\t\t<\/div>\n\t\t\t\t\t<\/div>\n\t\t\t\t<\/div>\n\t\t<div class=\"elementor-element elementor-element-5e7d122 e-flex e-con-boxed e-con e-parent\" data-id=\"5e7d122\" data-element_type=\"container\" data-e-type=\"container\" data-settings=\"{&quot;background_background&quot;:&quot;classic&quot;}\">\n\t\t\t\t\t<div class=\"e-con-inner\">\n\t\t<div class=\"elementor-element elementor-element-fc0e50a e-flex e-con-boxed e-con e-child\" data-id=\"fc0e50a\" data-element_type=\"container\" data-e-type=\"container\">\n\t\t\t\t\t<div class=\"e-con-inner\">\n\t\t<div class=\"elementor-element elementor-element-7609cfa e-con-full e-flex e-con e-child\" data-id=\"7609cfa\" data-element_type=\"container\" data-e-type=\"container\" data-settings=\"{&quot;background_background&quot;:&quot;classic&quot;}\">\n\t\t<div class=\"elementor-element elementor-element-0d2f570 e-flex e-con-boxed e-con e-child\" data-id=\"0d2f570\" data-element_type=\"container\" data-e-type=\"container\">\n\t\t\t\t\t<div class=\"e-con-inner\">\n\t\t\t\t<div class=\"elementor-element elementor-element-dcd7134 elementor-widget elementor-widget-heading\" data-id=\"dcd7134\" data-element_type=\"widget\" data-e-type=\"widget\" data-widget_type=\"heading.default\">\n\t\t\t\t<div class=\"elementor-widget-container\">\n\t\t\t\t\t<h2 class=\"elementor-heading-title elementor-size-default\">Perch\u00e9 scegliere questo corso<\/h2>\t\t\t\t<\/div>\n\t\t\t\t<\/div>\n\t\t\t\t<div class=\"elementor-element elementor-element-429bd72 elementor-widget elementor-widget-text-editor\" data-id=\"429bd72\" data-element_type=\"widget\" data-e-type=\"widget\" data-widget_type=\"text-editor.default\">\n\t\t\t\t<div class=\"elementor-widget-container\">\n\t\t\t\t\t\t\t\t\t<p>Il training di sessualit\u00e0 tantrica \u00e8 uno spazio di riconoscimento e di esplorazione consapevole della propria energia sessuale. Tutti noi portiamo con noi credenze ed esperienze passate che condizionano il modo in cui viviamo e godiamo della nostra sessualit\u00e0. Spesso la vergogna, il dolore e la paura generano schemi che ci disconnettono dalle nostre vere sensazioni, limitando la nostra innata capacit\u00e0 di provare piacere. Questo corso propone un viaggio di autoconoscenza sessuale per liberarti da questi schemi condizionanti e potenziarti nella tua vita sessuale e nella tua vita quotidiana.<\/p>\t\t\t\t\t\t\t\t<\/div>\n\t\t\t\t<\/div>\n\t\t\t\t\t<\/div>\n\t\t\t\t<\/div>\n\t\t\t\t<\/div>\n\t\t<div class=\"elementor-element elementor-element-51bf6b9 e-con-full e-flex e-con e-child\" data-id=\"51bf6b9\" data-element_type=\"container\" data-e-type=\"container\" data-settings=\"{&quot;background_background&quot;:&quot;classic&quot;}\">\n\t\t<div class=\"elementor-element elementor-element-dcbd9e6 e-con-full e-flex e-con e-child\" data-id=\"dcbd9e6\" data-element_type=\"container\" data-e-type=\"container\">\n\t\t\t\t<div class=\"elementor-element elementor-element-dc91daa elementor-widget elementor-widget-heading\" data-id=\"dc91daa\" data-element_type=\"widget\" data-e-type=\"widget\" data-widget_type=\"heading.default\">\n\t\t\t\t<div class=\"elementor-widget-container\">\n\t\t\t\t\t<h2 class=\"elementor-heading-title elementor-size-default\">In cosa consiste il corso di sessualit\u00e0 tantrica?<\/h2>\t\t\t\t<\/div>\n\t\t\t\t<\/div>\n\t\t\t\t<div class=\"elementor-element elementor-element-4244008 elementor-widget elementor-widget-text-editor\" data-id=\"4244008\" data-element_type=\"widget\" data-e-type=\"widget\" data-widget_type=\"text-editor.default\">\n\t\t\t\t<div class=\"elementor-widget-container\">\n\t\t\t\t\t\t\t\t\t<p>Si tratta di un processo a pi\u00f9 sedute che aiuta a trasformare gradualmente il rapporto con il corpo, il piacere e la sessualit\u00e0, affrontandolo in tutte le sue dimensioni. Di solito richiede un minimo di 10 sedute, un tempo sufficiente per approfondire la consapevolezza corporea, emotiva e sessuale e per ottenere incontri intimi pi\u00f9 soddisfacenti, sia con se stessi che con il partner.<\/p>\t\t\t\t\t\t\t\t<\/div>\n\t\t\t\t<\/div>\n\t\t\t\t<\/div>\n\t\t\t\t<\/div>\n\t\t\t\t\t<\/div>\n\t\t\t\t<\/div>\n\t\t\t\t<div class=\"elementor-element elementor-element-2efb7f0 elementor-widget elementor-widget-image\" data-id=\"2efb7f0\" data-element_type=\"widget\" data-e-type=\"widget\" data-widget_type=\"image.default\">\n\t\t\t\t<div class=\"elementor-widget-container\">\n\t\t\t\t\t\t\t\t\t\t\t\t\t\t\t<img fetchpriority=\"high\" decoding=\"async\" width=\"800\" height=\"457\" src=\"https:\/\/tantratenerife.es\/wp-content\/uploads\/2024\/06\/RegaloEspecial-1-1024x585.webp\" class=\"attachment-large size-large wp-image-5524\" alt=\"tantric massage\" srcset=\"https:\/\/tantratenerife.es\/wp-content\/uploads\/2024\/06\/RegaloEspecial-1-1024x585.webp 1024w, https:\/\/tantratenerife.es\/wp-content\/uploads\/2024\/06\/RegaloEspecial-1-300x171.webp 300w, https:\/\/tantratenerife.es\/wp-content\/uploads\/2024\/06\/RegaloEspecial-1-768x439.webp 768w, https:\/\/tantratenerife.es\/wp-content\/uploads\/2024\/06\/RegaloEspecial-1-1536x878.webp 1536w, https:\/\/tantratenerife.es\/wp-content\/uploads\/2024\/06\/RegaloEspecial-1.webp 1792w\" sizes=\"(max-width: 800px) 100vw, 800px\" \/>\t\t\t\t\t\t\t\t\t\t\t\t\t\t\t<\/div>\n\t\t\t\t<\/div>\n\t\t<div class=\"elementor-element elementor-element-087e804 e-con-full e-flex e-con e-child\" data-id=\"087e804\" data-element_type=\"container\" data-e-type=\"container\" data-settings=\"{&quot;background_background&quot;:&quot;classic&quot;}\">\n\t\t\t\t<div class=\"elementor-element elementor-element-1fd2431 elementor-widget elementor-widget-heading\" data-id=\"1fd2431\" data-element_type=\"widget\" data-e-type=\"widget\" data-widget_type=\"heading.default\">\n\t\t\t\t<div class=\"elementor-widget-container\">\n\t\t\t\t\t<h2 class=\"elementor-heading-title elementor-size-default\"><br>Fasi della formazione<\/h2>\t\t\t\t<\/div>\n\t\t\t\t<\/div>\n\t\t\t\t<div class=\"elementor-element elementor-element-5e40489 elementor-widget elementor-widget-text-editor\" data-id=\"5e40489\" data-element_type=\"widget\" data-e-type=\"widget\" data-widget_type=\"text-editor.default\">\n\t\t\t\t<div class=\"elementor-widget-container\">\n\t\t\t\t\t\t\t\t\t<p style=\"text-align: left;\"><strong>Colloquio iniziale<\/strong>: un primo incontro per esporre la propria situazione personale e impegnarsi&nbsp;<span style=\"background-color: var( --e-global-color-4c3044a );\">impegno per il proprio accrescimento spirituale personale e sessuale<\/span><\/p>\n<p style=\"text-align: left;\"><strong style=\"font-family: var( --e-global-typography-primary-font-family ), Sans-serif; background-color: var( --e-global-color-4c3044a ); font-size: 1rem;\">Sessioni 1:1 o in coppia<\/strong><span style=\"font-family: var( --e-global-typography-primary-font-family ), Sans-serif; font-weight: var( --e-global-typography-primary-font-weight ); background-color: var( --e-global-color-4c3044a ); font-size: 1rem;\">: si consigliano almeno 10 sessioni per una crescita graduale e reale. In ogni sessione si lavorer\u00e0 su aspetti specifici per trasformare credenze e abitudini.<\/span><\/p>\n<p style=\"text-align: left;\"><strong>Pratica a casa<\/strong>: al di l\u00e0 della seduta di terapia, l&#8217;esplorazione nell&#8217;intimit\u00e0 della vostra casa \u00e8 essenziale. Verranno assegnati compiti o esercizi per rafforzare l&#8217;apprendimento.<\/p>\n<p style=\"text-align: left;\"><strong>Revisione degli obiettivi<\/strong>: alla fine delle sessioni concordate, valuteremo la vostra evoluzione e decideremo se \u00e8 necessario continuare per consolidare i risultati ottenuti.<\/p>\t\t\t\t\t\t\t\t<\/div>\n\t\t\t\t<\/div>\n\t\t\t\t<\/div>\n\t\t<div class=\"elementor-element elementor-element-79e1092 e-con-full e-grid e-con e-child\" data-id=\"79e1092\" data-element_type=\"container\" data-e-type=\"container\" data-settings=\"{&quot;background_background&quot;:&quot;classic&quot;}\">\n\t\t\t\t<div class=\"elementor-element elementor-element-927376f elementor-widget elementor-widget-heading\" data-id=\"927376f\" data-element_type=\"widget\" data-e-type=\"widget\" data-widget_type=\"heading.default\">\n\t\t\t\t<div class=\"elementor-widget-container\">\n\t\t\t\t\t<h2 class=\"elementor-heading-title elementor-size-default\">Sessioni Individuali<\/h2>\t\t\t\t<\/div>\n\t\t\t\t<\/div>\n\t\t\t\t<div class=\"elementor-element elementor-element-3e875ff elementor-widget elementor-widget-text-editor\" data-id=\"3e875ff\" data-element_type=\"widget\" data-e-type=\"widget\" data-widget_type=\"text-editor.default\">\n\t\t\t\t<div class=\"elementor-widget-container\">\n\t\t\t\t\t\t\t\t\t<p>Incontri personalizzati con il coach tantrico professionista per rispondere alle tue esigenze e ai tuoi ritmi, con un&#8217;attenzione particolare al raggiungimento di un vero e proprio empowerment sessuale.<\/p>\t\t\t\t\t\t\t\t<\/div>\n\t\t\t\t<\/div>\n\t\t\t\t<div class=\"elementor-element elementor-element-57caf37 elementor-widget elementor-widget-heading\" data-id=\"57caf37\" data-element_type=\"widget\" data-e-type=\"widget\" data-widget_type=\"heading.default\">\n\t\t\t\t<div class=\"elementor-widget-container\">\n\t\t\t\t\t<h2 class=\"elementor-heading-title elementor-size-default\">Sessioni di Coppia<\/h2>\t\t\t\t<\/div>\n\t\t\t\t<\/div>\n\t\t\t\t<div class=\"elementor-element elementor-element-8c36fbc elementor-widget elementor-widget-text-editor\" data-id=\"8c36fbc\" data-element_type=\"widget\" data-e-type=\"widget\" data-widget_type=\"text-editor.default\">\n\t\t\t\t<div class=\"elementor-widget-container\">\n\t\t\t\t\t\t\t\t\t<p>Incontri tra il coach ed entrambi i partner della relazione, con l&#8217;obiettivo di rinnovare il modo in cui si relazionano l&#8217;uno con l&#8217;altro e di esplorare insieme nuove dimensioni dell&#8217;intimit\u00e0.<\/p>\t\t\t\t\t\t\t\t<\/div>\n\t\t\t\t<\/div>\n\t\t\t\t<\/div>\n\t\t\t\t<div class=\"elementor-element elementor-element-19460c0 elementor-widget elementor-widget-price-table\" data-id=\"19460c0\" data-element_type=\"widget\" data-e-type=\"widget\" data-widget_type=\"price-table.default\">\n\t\t\t\t<div class=\"elementor-widget-container\">\n\t\t\t\t\t\n\t\t<div class=\"elementor-price-table\">\n\t\t\t\t\t\t\t<div class=\"elementor-price-table__header\">\n\t\t\t\t\t\t\t\t\t\t\t<h3 class=\"elementor-price-table__heading\">\n\t\t\t\t\t\tCorso di sessualit\u00e1 tantrica\t\t\t\t\t\t<\/h3>\n\t\t\t\t\t\n\t\t\t\t\t\t\t\t\t<\/div>\n\t\t\t\n\t\t\t<div class=\"elementor-price-table__price\">\n\t\t\t\t\t\t\t\t<span class=\"elementor-price-table__currency\">&#128;<\/span>\t\t\t\t\t\t\t\t\t<span class=\"elementor-price-table__integer-part\">\n\t\t\t\t\t\t70\t\t\t\t\t<\/span>\n\t\t\t\t\n\t\t\t\t\t\t\t\t\t<div class=\"elementor-price-table__after-price\">\n\t\t\t\t\t\t<span class=\"elementor-price-table__fractional-part\">\n\t\t\t\t\t\t\t00\t\t\t\t\t\t<\/span>\n\n\t\t\t\t\t\t\t\t\t\t\t<\/div>\n\t\t\t\t\n\t\t\t\t\n\t\t\t\t\t\t\t\t\t<span class=\"elementor-price-table__period elementor-typo-excluded\">per sessione<\/span>\t\t\t\t\t\t\t<\/div>\n\n\t\t\t\t\t\t\t<ul class=\"elementor-price-table__features-list\">\n\t\t\t\t\t\t\t\t\t\t\t<li class=\"elementor-repeater-item-5b99c85\">\n\t\t\t\t\t\t\t<div class=\"elementor-price-table__feature-inner\">\n\t\t\t\t\t\t\t\t\t\t\t\t\t\t\t\t&nbsp;\t\t\t\t\t\t\t<\/div>\n\t\t\t\t\t\t<\/li>\n\t\t\t\t\t\t\t\t\t<\/ul>\n\t\t\t\n\t\t\t\t\t\t\t<div class=\"elementor-price-table__footer\">\n\t\t\t\t\t\t\t\t\t\t\t<a class=\"elementor-price-table__button elementor-button elementor-size-md\" href=\"#\">\n\t\t\t\t\t\t\tPrenota\t\t\t\t\t\t<\/a>\n\t\t\t\t\t\n\t\t\t\t\t\t\t\t\t\t\t<div class=\"elementor-price-table__additional_info\">\n\t\t\t\t\t\t\tMigliora la tua vita ora\t\t\t\t\t\t<\/div>\n\t\t\t\t\t\t\t\t\t<\/div>\n\t\t\t\t\t<\/div>\n\n\t\t\t\t\t\t<\/div>\n\t\t\t\t<\/div>\n\t\t\t\t\t<\/div>\n\t\t\t\t<\/div>\n\t\t<div class=\"elementor-element elementor-element-c54e29a e-flex e-con-boxed e-con e-parent\" data-id=\"c54e29a\" data-element_type=\"container\" data-e-type=\"container\" data-settings=\"{&quot;background_background&quot;:&quot;classic&quot;}\">\n\t\t\t\t\t<div class=\"e-con-inner\">\n\t\t\t\t<div class=\"elementor-element elementor-element-732d288 elementor-cta--layout-image-above elementor-cta--skin-classic elementor-animated-content elementor-bg-transform elementor-bg-transform-zoom-in elementor-widget elementor-widget-call-to-action\" data-id=\"732d288\" data-element_type=\"widget\" data-e-type=\"widget\" data-widget_type=\"call-to-action.default\">\n\t\t\t\t<div class=\"elementor-widget-container\">\n\t\t\t\t\t\t\t<div class=\"elementor-cta\">\n\t\t\t\t\t<div class=\"elementor-cta__bg-wrapper\">\n\t\t\t\t<div class=\"elementor-cta__bg elementor-bg\" style=\"background-image: url(https:\/\/tantratenerife.es\/wp-content\/uploads\/2024\/11\/tantric-massage.webp);\" role=\"img\" aria-label=\"tantric-massage\"><\/div>\n\t\t\t\t<div class=\"elementor-cta__bg-overlay\"><\/div>\n\t\t\t<\/div>\n\t\t\t\t\t\t\t<div class=\"elementor-cta__content\">\n\t\t\t\t\n\t\t\t\t\t\t\t\t\t<h3 class=\"elementor-cta__title elementor-cta__content-item elementor-content-item\">\n\t\t\t\t\t\tSei pronto a iniziare il tuo viaggio tantrico?\t\t\t\t\t<\/h3>\n\t\t\t\t\n\t\t\t\t\t\t\t\t\t<div class=\"elementor-cta__description elementor-cta__content-item elementor-content-item\">\n\t\t\t\t\t\tContattaci per prenotare la tua prima sessione e scoprire come il Training di Sessualit\u00e0 Tantrica pu\u00f2 trasformare la tua vita intima.\t\t\t\t\t<\/div>\n\t\t\t\t\n\t\t\t\t\t\t\t\t\t<div class=\"elementor-cta__button-wrapper elementor-cta__content-item elementor-content-item \">\n\t\t\t\t\t<a class=\"elementor-cta__button elementor-button elementor-size-\" href=\"https:\/\/wa.link\/uqti6p\">\n\t\t\t\t\t\tFai clic qui\t\t\t\t\t<\/a>\n\t\t\t\t\t<\/div>\n\t\t\t\t\t\t\t<\/div>\n\t\t\t\t\t\t<\/div>\n\t\t\t\t\t\t<\/div>\n\t\t\t\t<\/div>\n\t\t\t\t\t<\/div>\n\t\t\t\t<\/div>\n\t\t\t\t<\/div>\n\t\t","protected":false},"excerpt":{"rendered":"<p>Corso di Sessualit\u00e0 Tantrica Perch\u00e9 scegliere questo corso Il training di sessualit\u00e0 tantrica \u00e8 uno spazio di riconoscimento e di esplorazione consapevole della propria energia sessuale. Tutti noi portiamo con noi credenze ed esperienze passate che condizionano il modo in cui viviamo e godiamo della nostra sessualit\u00e0. Spesso la vergogna, il dolore e la paura [&hellip;]<\/p>\n","protected":false},"author":2,"featured_media":7078,"parent":0,"menu_order":0,"comment_status":"closed","ping_status":"closed","template":"elementor_header_footer","meta":{"_acf_changed":false,"_seopress_robots_primary_cat":"0","_seopress_titles_title":"Corso di sessualit\u00e0 tantrica","_seopress_titles_desc":"Il Training di Sessualit\u00e0 Tantrica \u00e8 uno spazio di riconoscimento e di esplorazione consapevole della propria energia sessuale.","_seopress_robots_index":"","footnotes":""},"folder":[75],"class_list":["post-6858","page","type-page","status-publish","has-post-thumbnail","hentry"],"acf":[],"_links":{"self":[{"href":"https:\/\/tantratenerife.es\/it\/wp-json\/wp\/v2\/pages\/6858","targetHints":{"allow":["GET"]}}],"collection":[{"href":"https:\/\/tantratenerife.es\/it\/wp-json\/wp\/v2\/pages"}],"about":[{"href":"https:\/\/tantratenerife.es\/it\/wp-json\/wp\/v2\/types\/page"}],"author":[{"embeddable":true,"href":"https:\/\/tantratenerife.es\/it\/wp-json\/wp\/v2\/users\/2"}],"replies":[{"embeddable":true,"href":"https:\/\/tantratenerife.es\/it\/wp-json\/wp\/v2\/comments?post=6858"}],"version-history":[{"count":25,"href":"https:\/\/tantratenerife.es\/it\/wp-json\/wp\/v2\/pages\/6858\/revisions"}],"predecessor-version":[{"id":7548,"href":"https:\/\/tantratenerife.es\/it\/wp-json\/wp\/v2\/pages\/6858\/revisions\/7548"}],"wp:featuredmedia":[{"embeddable":true,"href":"https:\/\/tantratenerife.es\/it\/wp-json\/wp\/v2\/media\/7078"}],"wp:attachment":[{"href":"https:\/\/tantratenerife.es\/it\/wp-json\/wp\/v2\/media?parent=6858"}],"wp:term":[{"taxonomy":"folder","embeddable":true,"href":"https:\/\/tantratenerife.es\/it\/wp-json\/wp\/v2\/folder?post=6858"}],"curies":[{"name":"wp","href":"https:\/\/api.w.org\/{rel}","templated":true}]}}