{"id":6814,"date":"2025-01-23T16:55:57","date_gmt":"2025-01-23T16:55:57","guid":{"rendered":"https:\/\/tantratenerife.es\/?page_id=6814"},"modified":"2025-01-25T11:26:39","modified_gmt":"2025-01-25T11:26:39","slug":"formazione-sulla-sessualita-tantrica","status":"publish","type":"page","link":"https:\/\/tantratenerife.es\/it\/formazione-sulla-sessualita-tantrica\/","title":{"rendered":"Formazione sulla sessualit\u00e0 tantrica"},"content":{"rendered":"\t\t<div data-elementor-type=\"wp-page\" data-elementor-id=\"6814\" class=\"elementor elementor-6814 elementor-6812\" data-elementor-post-type=\"page\">\n\t\t\t\t<div class=\"elementor-element elementor-element-365ce63 e-flex e-con-boxed e-con e-parent\" data-id=\"365ce63\" data-element_type=\"container\" data-e-type=\"container\" data-settings=\"{&quot;background_background&quot;:&quot;classic&quot;}\">\n\t\t\t\t\t<div class=\"e-con-inner\">\n\t\t<div class=\"elementor-element elementor-element-c923fd3 e-flex e-con-boxed e-con e-child\" data-id=\"c923fd3\" data-element_type=\"container\" data-e-type=\"container\">\n\t\t\t\t\t<div class=\"e-con-inner\">\n\t\t\t\t<div class=\"elementor-element elementor-element-24b3dbb elementor-widget elementor-widget-text-editor\" data-id=\"24b3dbb\" data-element_type=\"widget\" data-e-type=\"widget\" data-widget_type=\"text-editor.default\">\n\t\t\t\t<div class=\"elementor-widget-container\">\n\t\t\t\t\t\t\t\t\t<p>Nuestros Servicios<\/p>\t\t\t\t\t\t\t\t<\/div>\n\t\t\t\t<\/div>\n\t\t\t\t<div class=\"elementor-element elementor-element-6aafdd0 elementor-widget elementor-widget-text-editor\" data-id=\"6aafdd0\" data-element_type=\"widget\" data-e-type=\"widget\" data-widget_type=\"text-editor.default\">\n\t\t\t\t<div class=\"elementor-widget-container\">\n\t\t\t\t\t\t\t\t\t<p>Scopri una vita sessuale piena e consapevole<\/p>\t\t\t\t\t\t\t\t<\/div>\n\t\t\t\t<\/div>\n\t\t\t\t<div class=\"elementor-element elementor-element-dd4f432 elementor-widget elementor-widget-text-editor\" data-id=\"dd4f432\" data-element_type=\"widget\" data-e-type=\"widget\" data-widget_type=\"text-editor.default\">\n\t\t\t\t<div class=\"elementor-widget-container\">\n\t\t\t\t\t\t\t\t\t<p>Los Cristianos, Av. Juan Carlos I, 33, 38650 Arona, Santa Cruz de Tenerife, Espa\u00f1a<\/p>\t\t\t\t\t\t\t\t<\/div>\n\t\t\t\t<\/div>\n\t\t\t\t<div class=\"elementor-element elementor-element-7683692 elementor-align-center elementor-widget elementor-widget-button\" data-id=\"7683692\" data-element_type=\"widget\" data-e-type=\"widget\" data-widget_type=\"button.default\">\n\t\t\t\t<div class=\"elementor-widget-container\">\n\t\t\t\t\t\t\t\t\t<div class=\"elementor-button-wrapper\">\n\t\t\t\t\t<a class=\"elementor-button elementor-button-link elementor-size-sm\" href=\"https:\/\/tantratenerife.es\/it\/corso-di-sessualita-tantrica\/\">\n\t\t\t\t\t\t<span class=\"elementor-button-content-wrapper\">\n\t\t\t\t\t\t<span class=\"elementor-button-icon\">\n\t\t\t\t<svg aria-hidden=\"true\" class=\"e-font-icon-svg e-fas-long-arrow-alt-right\" viewBox=\"0 0 448 512\" xmlns=\"http:\/\/www.w3.org\/2000\/svg\"><path d=\"M313.941 216H12c-6.627 0-12 5.373-12 12v56c0 6.627 5.373 12 12 12h301.941v46.059c0 21.382 25.851 32.09 40.971 16.971l86.059-86.059c9.373-9.373 9.373-24.569 0-33.941l-86.059-86.059c-15.119-15.119-40.971-4.411-40.971 16.971V216z\"><\/path><\/svg>\t\t\t<\/span>\n\t\t\t\t\t\t\t\t\t<span class=\"elementor-button-text\">Maggiori informazioni<\/span>\n\t\t\t\t\t<\/span>\n\t\t\t\t\t<\/a>\n\t\t\t\t<\/div>\n\t\t\t\t\t\t\t\t<\/div>\n\t\t\t\t<\/div>\n\t\t\t\t\t<\/div>\n\t\t\t\t<\/div>\n\t\t\t\t\t<\/div>\n\t\t\t\t<\/div>\n\t\t<div class=\"elementor-element elementor-element-5400ce8 e-flex e-con-boxed e-con e-parent\" data-id=\"5400ce8\" data-element_type=\"container\" data-e-type=\"container\">\n\t\t\t\t\t<div class=\"e-con-inner\">\n\t\t\t\t<div class=\"elementor-element elementor-element-ce95e81 elementor-widget elementor-widget-heading\" data-id=\"ce95e81\" data-element_type=\"widget\" data-e-type=\"widget\" data-widget_type=\"heading.default\">\n\t\t\t\t<div class=\"elementor-widget-container\">\n\t\t\t\t\t<h2 class=\"elementor-heading-title elementor-size-default\">Tantra: risveglia il piacere e trasforma la sessualit\u00e0<\/h2>\t\t\t\t<\/div>\n\t\t\t\t<\/div>\n\t\t\t\t<div class=\"elementor-element elementor-element-0832fa0 elementor-widget elementor-widget-text-editor\" data-id=\"0832fa0\" data-element_type=\"widget\" data-e-type=\"widget\" data-widget_type=\"text-editor.default\">\n\t\t\t\t<div class=\"elementor-widget-container\">\n\t\t\t\t\t\t\t\t\t<p>Ti sei mai sentito disconnesso dal tuo piacere o dal tuo corpo? Senti che il tuo desiderio sessuale \u00e8 diminuito o provi dolore e disagio durante gli incontri intimi? Queste situazioni sono pi\u00f9 comuni di quanto si possa pensare e possono essere un&#8217;opportunit\u00e0 per riscoprire la tua energia sessuale e trasformarla in una forza di guarigione e di auto-conoscenza.<\/p>\t\t\t\t\t\t\t\t<\/div>\n\t\t\t\t<\/div>\n\t\t\t\t\t<\/div>\n\t\t\t\t<\/div>\n\t\t<div class=\"elementor-element elementor-element-0f7f0c8 e-flex e-con-boxed e-con e-parent\" data-id=\"0f7f0c8\" data-element_type=\"container\" data-e-type=\"container\">\n\t\t\t\t\t<div class=\"e-con-inner\">\n\t\t\t\t<div class=\"elementor-element elementor-element-3a574d4 elementor-widget elementor-widget-heading\" data-id=\"3a574d4\" data-element_type=\"widget\" data-e-type=\"widget\" data-widget_type=\"heading.default\">\n\t\t\t\t<div class=\"elementor-widget-container\">\n\t\t\t\t\t<h2 class=\"elementor-heading-title elementor-size-default\">Ecco alcune delle sfide pi\u00f9 frequenti che affrontiamo in un processo di trasformazione attraverso il Tantra.<\/h2>\t\t\t\t<\/div>\n\t\t\t\t<\/div>\n\t\t<div class=\"elementor-element elementor-element-0efc48a e-flex e-con-boxed e-con e-child\" data-id=\"0efc48a\" data-element_type=\"container\" data-e-type=\"container\">\n\t\t\t\t\t<div class=\"e-con-inner\">\n\t\t<div class=\"elementor-element elementor-element-bdb7591 e-flex e-con-boxed e-con e-child\" data-id=\"bdb7591\" data-element_type=\"container\" data-e-type=\"container\">\n\t\t\t\t\t<div class=\"e-con-inner\">\n\t\t\t\t<div class=\"elementor-element elementor-element-b516610 elementor-widget elementor-widget-text-editor\" data-id=\"b516610\" data-element_type=\"widget\" data-e-type=\"widget\" data-widget_type=\"text-editor.default\">\n\t\t\t\t<div class=\"elementor-widget-container\">\n\t\t\t\t\t\t\t\t\t<ul><li>Mancanza di soddisfazione sessuale:<br \/><ul><li>Disinteresse, monotonia o insoddisfazione generale.<\/li><\/ul><\/li><li>Mancanza di libido e di desiderio:<br \/><ul><li>Difficolt\u00e0 a connettersi con la propria energia sessuale.<\/li><\/ul><\/li><li>Disconnessione dal piacere:<br \/><ul><li>Incapacit\u00e0 di sentire il corpo e i suoi bisogni.<\/li><\/ul><\/li><li>Dolore o disagio:<br \/><ul><li>Sensazioni spiacevoli che interferiscono con l&#8217;intimit\u00e0.<\/li><\/ul><\/li><li>Necessit\u00e0 di ridimensionare esperienze difficili o dolorose.<\/li><li>Comunicazione dei limiti<ul><li>Mancanza di fiducia e di chiarezza con il partner.<\/li><\/ul><\/li><li>Timidezza e imbarazzo:<br \/><ul><li>Insicurezza o mancanza di autostima nelle situazioni intime.<\/li><\/ul><\/li><li>Difficolt\u00e0 sessuali specifiche:<br \/><ul><li>Anorgasmia, eiaculazione precoce o disfunzione erettile.<\/li><\/ul><\/li><li>Ansia o paura degli incontri intimi:<br \/><ul><li>Blocchi che impediscono di godere del momento.<\/li><\/ul><\/li><li>Incompatibilit\u00e0 sessuale:<br \/><ul><li>Mancanza di allineamento nel ritmo o nelle preferenze all&#8217;interno della coppia.<\/li><\/ul><\/li><li>Perdita di attrazione e polarit\u00e0:<br \/><ul><li>Mancanza di scintilla o magnetismo tra i partner.<\/li><\/ul><\/li><li>Esplorazione delle fantasie:<br \/><ul><li>Come rendere l&#8217;immaginazione parte della vostra crescita intima.<\/li><\/ul><\/li><\/ul>\t\t\t\t\t\t\t\t<\/div>\n\t\t\t\t<\/div>\n\t\t\t\t<div class=\"elementor-element elementor-element-a4c59c9 elementor-align-left elementor-mobile-align-center elementor-widget elementor-widget-button\" data-id=\"a4c59c9\" data-element_type=\"widget\" data-e-type=\"widget\" data-widget_type=\"button.default\">\n\t\t\t\t<div class=\"elementor-widget-container\">\n\t\t\t\t\t\t\t\t\t<div class=\"elementor-button-wrapper\">\n\t\t\t\t\t<a class=\"elementor-button elementor-button-link elementor-size-sm\" href=\"https:\/\/tantratenerife.es\/it\/corso-di-sessualita-tantrica\/\">\n\t\t\t\t\t\t<span class=\"elementor-button-content-wrapper\">\n\t\t\t\t\t\t\t\t\t<span class=\"elementor-button-text\">VOGLIO PARTECIPARE<\/span>\n\t\t\t\t\t<\/span>\n\t\t\t\t\t<\/a>\n\t\t\t\t<\/div>\n\t\t\t\t\t\t\t\t<\/div>\n\t\t\t\t<\/div>\n\t\t\t\t\t<\/div>\n\t\t\t\t<\/div>\n\t\t<div class=\"elementor-element elementor-element-d4ee73c e-con-full e-flex e-con e-child\" data-id=\"d4ee73c\" data-element_type=\"container\" data-e-type=\"container\">\n\t\t\t\t<div class=\"elementor-element elementor-element-43b81a1 elementor-widget elementor-widget-image\" data-id=\"43b81a1\" data-element_type=\"widget\" data-e-type=\"widget\" data-widget_type=\"image.default\">\n\t\t\t\t<div class=\"elementor-widget-container\">\n\t\t\t\t\t\t\t\t\t\t\t\t\t\t\t<img fetchpriority=\"high\" decoding=\"async\" width=\"800\" height=\"800\" src=\"https:\/\/tantratenerife.es\/wp-content\/uploads\/2024\/01\/DALL\u00b7E-2024-12-10-16.56.13-Un-diseno-visual-atractivo-para-un-anuncio-de-sesiones-de-asesoria-en-sensualidad-tantrica.-La-imagen-debe-incluir-un-fondo-calido-con-tonos-dorados-.webp\" class=\"attachment-large size-large wp-image-6801\" alt=\"20 hours tantric massage course\" srcset=\"https:\/\/tantratenerife.es\/wp-content\/uploads\/2024\/01\/DALL\u00b7E-2024-12-10-16.56.13-Un-diseno-visual-atractivo-para-un-anuncio-de-sesiones-de-asesoria-en-sensualidad-tantrica.-La-imagen-debe-incluir-un-fondo-calido-con-tonos-dorados-.webp 1024w, https:\/\/tantratenerife.es\/wp-content\/uploads\/2024\/01\/DALL\u00b7E-2024-12-10-16.56.13-Un-diseno-visual-atractivo-para-un-anuncio-de-sesiones-de-asesoria-en-sensualidad-tantrica.-La-imagen-debe-incluir-un-fondo-calido-con-tonos-dorados--300x300.webp 300w, https:\/\/tantratenerife.es\/wp-content\/uploads\/2024\/01\/DALL\u00b7E-2024-12-10-16.56.13-Un-diseno-visual-atractivo-para-un-anuncio-de-sesiones-de-asesoria-en-sensualidad-tantrica.-La-imagen-debe-incluir-un-fondo-calido-con-tonos-dorados--150x150.webp 150w, https:\/\/tantratenerife.es\/wp-content\/uploads\/2024\/01\/DALL\u00b7E-2024-12-10-16.56.13-Un-diseno-visual-atractivo-para-un-anuncio-de-sesiones-de-asesoria-en-sensualidad-tantrica.-La-imagen-debe-incluir-un-fondo-calido-con-tonos-dorados--768x768.webp 768w\" sizes=\"(max-width: 800px) 100vw, 800px\" \/>\t\t\t\t\t\t\t\t\t\t\t\t\t\t\t<\/div>\n\t\t\t\t<\/div>\n\t\t\t\t<\/div>\n\t\t\t\t\t<\/div>\n\t\t\t\t<\/div>\n\t\t\t\t\t<\/div>\n\t\t\t\t<\/div>\n\t\t<div class=\"elementor-element elementor-element-cb9f460 e-flex e-con-boxed e-con e-parent\" data-id=\"cb9f460\" data-element_type=\"container\" data-e-type=\"container\">\n\t\t\t\t\t<div class=\"e-con-inner\">\n\t\t\t\t<div class=\"elementor-element elementor-element-5fbadfb elementor-widget elementor-widget-text-editor\" data-id=\"5fbadfb\" data-element_type=\"widget\" data-e-type=\"widget\" data-widget_type=\"text-editor.default\">\n\t\t\t\t<div class=\"elementor-widget-container\">\n\t\t\t\t\t\t\t\t\t<p>Il Tantra ti d\u00e0 gli strumenti per riconnetterti con il tuo corpo, la tua energia e il tuo piacere in modo consapevole. Attraverso la consapevolezza, la respirazione e le pratiche guidate, \u00e8 possibile scoprire come guarire i blocchi emotivi, riattivare la libido e godere di relazioni pi\u00f9 profonde e piacevoli.<\/p>\t\t\t\t\t\t\t\t<\/div>\n\t\t\t\t<\/div>\n\t\t\t\t\t<\/div>\n\t\t\t\t<\/div>\n\t\t<div class=\"elementor-element elementor-element-0ba4139 e-flex e-con-boxed e-con e-parent\" data-id=\"0ba4139\" data-element_type=\"container\" data-e-type=\"container\" data-settings=\"{&quot;background_background&quot;:&quot;classic&quot;}\">\n\t\t\t\t\t<div class=\"e-con-inner\">\n\t\t<div class=\"elementor-element elementor-element-496a93b e-flex e-con-boxed e-con e-child\" data-id=\"496a93b\" data-element_type=\"container\" data-e-type=\"container\">\n\t\t\t\t\t<div class=\"e-con-inner\">\n\t\t\t\t<div class=\"elementor-element elementor-element-e95a415 elementor-widget elementor-widget-text-editor\" data-id=\"e95a415\" data-element_type=\"widget\" data-e-type=\"widget\" data-widget_type=\"text-editor.default\">\n\t\t\t\t<div class=\"elementor-widget-container\">\n\t\t\t\t\t\t\t\t\t<div class=\"uagb-ifb-title-wrap\"><div class=\"uagb-ifb-title-wrap\"><h2 class=\"uagb-ifb-title\">Sei pronto a trasformarti?<\/h2><\/div><\/div>\t\t\t\t\t\t\t\t<\/div>\n\t\t\t\t<\/div>\n\t\t\t\t<div class=\"elementor-element elementor-element-063a2b4 elementor-widget elementor-widget-text-editor\" data-id=\"063a2b4\" data-element_type=\"widget\" data-e-type=\"widget\" data-widget_type=\"text-editor.default\">\n\t\t\t\t<div class=\"elementor-widget-container\">\n\t\t\t\t\t\t\t\t\t<p>Ti invito a fare il primo passo verso una sessualit\u00e0 pi\u00f9 appagante. Contattami per conoscere le nostre sessioni e i nostri workshop specializzati sul Tantra, pensati per aiutarti a riconnetterti con il tuo vero potenziale.<\/p>\t\t\t\t\t\t\t\t<\/div>\n\t\t\t\t<\/div>\n\t\t\t\t<div class=\"elementor-element elementor-element-185b3be elementor-align-center elementor-widget elementor-widget-button\" data-id=\"185b3be\" data-element_type=\"widget\" data-e-type=\"widget\" data-widget_type=\"button.default\">\n\t\t\t\t<div class=\"elementor-widget-container\">\n\t\t\t\t\t\t\t\t\t<div class=\"elementor-button-wrapper\">\n\t\t\t\t\t<a class=\"elementor-button elementor-button-link elementor-size-sm\" href=\"https:\/\/tantratenerife.es\/it\/corso-di-sessualita-tantrica\/\">\n\t\t\t\t\t\t<span class=\"elementor-button-content-wrapper\">\n\t\t\t\t\t\t<span class=\"elementor-button-icon\">\n\t\t\t\t<svg aria-hidden=\"true\" class=\"e-font-icon-svg e-fas-long-arrow-alt-right\" viewBox=\"0 0 448 512\" xmlns=\"http:\/\/www.w3.org\/2000\/svg\"><path d=\"M313.941 216H12c-6.627 0-12 5.373-12 12v56c0 6.627 5.373 12 12 12h301.941v46.059c0 21.382 25.851 32.09 40.971 16.971l86.059-86.059c9.373-9.373 9.373-24.569 0-33.941l-86.059-86.059c-15.119-15.119-40.971-4.411-40.971 16.971V216z\"><\/path><\/svg>\t\t\t<\/span>\n\t\t\t\t\t\t\t\t\t<span class=\"elementor-button-text\">Maggiori informazioni<\/span>\n\t\t\t\t\t<\/span>\n\t\t\t\t\t<\/a>\n\t\t\t\t<\/div>\n\t\t\t\t\t\t\t\t<\/div>\n\t\t\t\t<\/div>\n\t\t\t\t\t<\/div>\n\t\t\t\t<\/div>\n\t\t\t\t\t<\/div>\n\t\t\t\t<\/div>\n\t\t\t\t<\/div>\n\t\t","protected":false},"excerpt":{"rendered":"<p>Nuestros Servicios Scopri una vita sessuale piena e consapevole Los Cristianos, Av. Juan Carlos I, 33, 38650 Arona, Santa Cruz de Tenerife, Espa\u00f1a Maggiori informazioni Tantra: risveglia il piacere e trasforma la sessualit\u00e0 Ti sei mai sentito disconnesso dal tuo piacere o dal tuo corpo? Senti che il tuo desiderio sessuale \u00e8 diminuito o provi [&hellip;]<\/p>\n","protected":false},"author":2,"featured_media":2260,"parent":0,"menu_order":0,"comment_status":"closed","ping_status":"closed","template":"elementor_header_footer","meta":{"_acf_changed":false,"_seopress_robots_primary_cat":"0","_seopress_titles_title":"Formazione sulla sessualit\u00e0 tantrica","_seopress_titles_desc":"Il corso di sessualit\u00e0 tantrica \u00e8 uno spazio di riconoscimento e di esplorazione consapevole della propria sessualit\u00e0.","_seopress_robots_index":"","footnotes":""},"folder":[75],"class_list":["post-6814","page","type-page","status-publish","has-post-thumbnail","hentry"],"acf":[],"_links":{"self":[{"href":"https:\/\/tantratenerife.es\/it\/wp-json\/wp\/v2\/pages\/6814","targetHints":{"allow":["GET"]}}],"collection":[{"href":"https:\/\/tantratenerife.es\/it\/wp-json\/wp\/v2\/pages"}],"about":[{"href":"https:\/\/tantratenerife.es\/it\/wp-json\/wp\/v2\/types\/page"}],"author":[{"embeddable":true,"href":"https:\/\/tantratenerife.es\/it\/wp-json\/wp\/v2\/users\/2"}],"replies":[{"embeddable":true,"href":"https:\/\/tantratenerife.es\/it\/wp-json\/wp\/v2\/comments?post=6814"}],"version-history":[{"count":18,"href":"https:\/\/tantratenerife.es\/it\/wp-json\/wp\/v2\/pages\/6814\/revisions"}],"predecessor-version":[{"id":6959,"href":"https:\/\/tantratenerife.es\/it\/wp-json\/wp\/v2\/pages\/6814\/revisions\/6959"}],"wp:featuredmedia":[{"embeddable":true,"href":"https:\/\/tantratenerife.es\/it\/wp-json\/wp\/v2\/media\/2260"}],"wp:attachment":[{"href":"https:\/\/tantratenerife.es\/it\/wp-json\/wp\/v2\/media?parent=6814"}],"wp:term":[{"taxonomy":"folder","embeddable":true,"href":"https:\/\/tantratenerife.es\/it\/wp-json\/wp\/v2\/folder?post=6814"}],"curies":[{"name":"wp","href":"https:\/\/api.w.org\/{rel}","templated":true}]}}