{"id":5410,"date":"2024-06-04T06:34:43","date_gmt":"2024-06-04T06:34:43","guid":{"rendered":"https:\/\/tantratenerife.es\/?page_id=5410"},"modified":"2024-06-12T12:15:20","modified_gmt":"2024-06-12T12:15:20","slug":"aiuto","status":"publish","type":"page","link":"https:\/\/tantratenerife.es\/it\/aiuto\/","title":{"rendered":"Aiuto"},"content":{"rendered":"\t\t<div data-elementor-type=\"wp-page\" data-elementor-id=\"5410\" class=\"elementor elementor-5410 elementor-5408\" data-elementor-post-type=\"page\">\n\t\t\t\t<div class=\"elementor-element elementor-element-a9272bc e-flex e-con-boxed e-con e-parent\" data-id=\"a9272bc\" data-element_type=\"container\" data-e-type=\"container\" data-settings=\"{&quot;background_background&quot;:&quot;classic&quot;}\">\n\t\t\t\t\t<div class=\"e-con-inner\">\n\t\t<div class=\"elementor-element elementor-element-a28b56e e-flex e-con-boxed e-con e-child\" data-id=\"a28b56e\" data-element_type=\"container\" data-e-type=\"container\">\n\t\t\t\t\t<div class=\"e-con-inner\">\n\t\t\t\t<div class=\"elementor-element elementor-element-f4ddffe elementor-widget elementor-widget-text-editor\" data-id=\"f4ddffe\" data-element_type=\"widget\" data-e-type=\"widget\" data-widget_type=\"text-editor.default\">\n\t\t\t\t<div class=\"elementor-widget-container\">\n\t\t\t\t\t\t\t\t\t<p>Aiuto<\/p>\t\t\t\t\t\t\t\t<\/div>\n\t\t\t\t<\/div>\n\t\t\t\t\t<\/div>\n\t\t\t\t<\/div>\n\t\t\t\t\t<\/div>\n\t\t\t\t<\/div>\n\t\t<div class=\"elementor-element elementor-element-9e07d19 e-flex e-con-boxed e-con e-parent\" data-id=\"9e07d19\" data-element_type=\"container\" data-e-type=\"container\" data-settings=\"{&quot;background_background&quot;:&quot;classic&quot;}\">\n\t\t\t\t\t<div class=\"e-con-inner\">\n\t\t<div class=\"elementor-element elementor-element-10183cd e-flex e-con-boxed e-con e-child\" data-id=\"10183cd\" data-element_type=\"container\" data-e-type=\"container\">\n\t\t\t\t\t<div class=\"e-con-inner\">\n\t\t\t\t<div class=\"elementor-element elementor-element-21ec740 elementor-widget elementor-widget-heading\" data-id=\"21ec740\" data-element_type=\"widget\" data-e-type=\"widget\" data-widget_type=\"heading.default\">\n\t\t\t\t<div class=\"elementor-widget-container\">\n\t\t\t\t\t<h2 class=\"elementor-heading-title elementor-size-default\">ACCESSIBILIT\u00c0<\/h2>\t\t\t\t<\/div>\n\t\t\t\t<\/div>\n\t\t\t\t<div class=\"elementor-element elementor-element-9cb81bb elementor-widget elementor-widget-text-editor\" data-id=\"9cb81bb\" data-element_type=\"widget\" data-e-type=\"widget\" data-widget_type=\"text-editor.default\">\n\t\t\t\t<div class=\"elementor-widget-container\">\n\t\t\t\t\t\t\t\t\t<p>Il nostro sito Web \u00e8 progettato pensando all&#8217;accessibilit\u00e0, per garantire che tutti gli utenti possano navigare e interagire con facilit\u00e0.<\/p><p>Abbiamo il plug-in One Click Accessibility, che consente agli utenti di personalizzare l&#8217;esperienza del sito in base alle proprie esigenze. Inoltre, tutte le nostre immagini includono un testo alternativo dettagliato in modo che gli utenti dotati di lettori di schermo possano comprendere il contenuto visivo.<\/p><p>La nostra mappa del sito facilita l&#8217;orientamento e migliora la navigabilit\u00e0, consentendo agli utenti di trovare rapidamente le informazioni che stanno cercando.<br \/>E per garantire un&#8217;esperienza inclusiva, abbiamo scelto di non includere video, rimuovendo cos\u00ec le barriere per chi ha limitazioni di larghezza di banda o difficolt\u00e0 di udito. Insieme, queste funzionalit\u00e0 di accessibilit\u00e0 riflettono il nostro impegno per un Web pi\u00f9 inclusivo per tutti.<\/p>\t\t\t\t\t\t\t\t<\/div>\n\t\t\t\t<\/div>\n\t\t\t\t\t<\/div>\n\t\t\t\t<\/div>\n\t\t<div class=\"elementor-element elementor-element-121f56a e-flex e-con-boxed e-con e-child\" data-id=\"121f56a\" data-element_type=\"container\" data-e-type=\"container\">\n\t\t\t\t\t<div class=\"e-con-inner\">\n\t\t\t\t<div class=\"elementor-element elementor-element-b426c89 elementor-widget elementor-widget-sitemap\" data-id=\"b426c89\" data-element_type=\"widget\" data-e-type=\"widget\" data-widget_type=\"sitemap.default\">\n\t\t\t\t<div class=\"elementor-widget-container\">\n\t\t\t\t\t<div class=\"elementor-sitemap-wrap\"><div class=\"elementor-sitemap-section\"><h2 class=\"elementor-sitemap-title elementor-sitemap-page-title\">PAGINE<\/h2><ul class=\"elementor-sitemap-list elementor-sitemap-page-list\"><li class=\"elementor-sitemap-item elementor-sitemap-item-page page_item page-item-4990\"><a href=\"https:\/\/tantratenerife.es\/it\/\">Home<\/a><\/li><li class=\"elementor-sitemap-item elementor-sitemap-item-page page_item page-item-4879\"><a href=\"https:\/\/tantratenerife.es\/it\/massaggio-tantrico\/\">Massaggio Tantrico<\/a><\/li><li class=\"elementor-sitemap-item elementor-sitemap-item-page page_item page-item-5096\"><a href=\"https:\/\/tantratenerife.es\/it\/corso-massaggio-tantrico\/\">Corso Massaggio Tantrico<\/a><\/li><li class=\"elementor-sitemap-item elementor-sitemap-item-page page_item page-item-3529\"><a href=\"https:\/\/tantratenerife.es\/it\/massaggio-tantrico-di-coppia\/\">Massaggio Tantrico Di Coppia<\/a><\/li><li class=\"elementor-sitemap-item elementor-sitemap-item-page page_item page-item-3655\"><a href=\"https:\/\/tantratenerife.es\/it\/corso-di-massaggio-rilassante\/\">Corso di Massaggio Rilassante<\/a><\/li><li class=\"elementor-sitemap-item elementor-sitemap-item-page page_item page-item-3791\"><a href=\"https:\/\/tantratenerife.es\/it\/eventi\/\">Eventi<\/a><\/li><li class=\"elementor-sitemap-item elementor-sitemap-item-page page_item page-item-3836\"><a href=\"https:\/\/tantratenerife.es\/it\/tantra-bianco-e-rosso\/\">Tantra Bianco e Rosso<\/a><\/li><li class=\"elementor-sitemap-item elementor-sitemap-item-page page_item page-item-3893\"><a href=\"https:\/\/tantratenerife.es\/it\/domande-frequenti\/\">Domande Frequenti<\/a><\/li><li class=\"elementor-sitemap-item elementor-sitemap-item-page page_item page-item-2605\"><a href=\"https:\/\/tantratenerife.es\/it\/privacidad\/\">Privacy<\/a><\/li><li class=\"elementor-sitemap-item elementor-sitemap-item-page page_item page-item-3976\"><a href=\"https:\/\/tantratenerife.es\/it\/contatto\/\">Contatto<\/a><\/li><li class=\"elementor-sitemap-item elementor-sitemap-item-page page_item page-item-4091\"><a href=\"https:\/\/tantratenerife.es\/it\/blog\/\">Blog<\/a><\/li><li class=\"elementor-sitemap-item elementor-sitemap-item-page page_item page-item-4131\"><a href=\"https:\/\/tantratenerife.es\/it\/programma-del-corso-di-10-ore\/\">Programma del Corso di 10 Ore<\/a><\/li><li class=\"elementor-sitemap-item elementor-sitemap-item-page page_item page-item-4160\"><a href=\"https:\/\/tantratenerife.es\/it\/programma-del-corso-di-16-ore\/\">Programma del corso di 16 ore<\/a><\/li><li class=\"elementor-sitemap-item elementor-sitemap-item-page page_item page-item-4189\"><a href=\"https:\/\/tantratenerife.es\/it\/programma-del-corso-di-20-ore\/\">Programma del corso di 20 ore<\/a><\/li><li class=\"elementor-sitemap-item elementor-sitemap-item-page page_item page-item-5410\"><a href=\"https:\/\/tantratenerife.es\/it\/aiuto\/\">Aiuto<\/a><\/li><li class=\"elementor-sitemap-item elementor-sitemap-item-page page_item page-item-6814\"><a href=\"https:\/\/tantratenerife.es\/it\/formazione-sulla-sessualita-tantrica\/\">Formazione sulla sessualit\u00e0 tantrica<\/a><\/li><li class=\"elementor-sitemap-item elementor-sitemap-item-page page_item page-item-6858\"><a href=\"https:\/\/tantratenerife.es\/it\/corso-di-sessualita-tantrica\/\">Corso di sessualit\u00e0 tantrica<\/a><\/li><li class=\"elementor-sitemap-item elementor-sitemap-item-page page_item page-item-6997\"><a href=\"https:\/\/tantratenerife.es\/it\/massaggio-tantrico-per-donne\/\">Massaggio tantrico per donne<\/a><\/li><li class=\"elementor-sitemap-item elementor-sitemap-item-page page_item page-item-7071\"><a href=\"https:\/\/tantratenerife.es\/it\/massaggio-tantrico-maschile\/\">Massaggio Tantrico per uomo<\/a><\/li><li class=\"elementor-sitemap-item elementor-sitemap-item-page page_item page-item-8216\"><a href=\"https:\/\/tantratenerife.es\/it\/massaggio-rilassante-a-tenerife-scopri-il-tantra-in-sicurezza\/\">Massaggio rilassante a Tenerife \u2013 Scopri il Tantra in sicurezza<\/a><\/li><li class=\"elementor-sitemap-item elementor-sitemap-item-page page_item page-item-8307\"><a href=\"https:\/\/tantratenerife.es\/it\/corso-di-massaggio-consapevole-dei-genitali-a-tenerife-intimita-e-piacere\/\">Corso di Massaggio Consapevole dei Genitali a Tenerife \u2013 Intimit\u00e0 e Piacere<\/a><\/li><li class=\"elementor-sitemap-item elementor-sitemap-item-page page_item page-item-8381\"><a href=\"https:\/\/tantratenerife.es\/it\/massaggio-erotico-tenerife-esperienza-tantrica-trasformativa\/\">Massaggio erotico Tenerife | Esperienza tantrica trasformativa<\/a><\/li><\/ul><\/div><\/div>\t\t\t\t<\/div>\n\t\t\t\t<\/div>\n\t\t\t\t\t<\/div>\n\t\t\t\t<\/div>\n\t\t\t\t\t<\/div>\n\t\t\t\t<\/div>\n\t\t\t\t<\/div>\n\t\t","protected":false},"excerpt":{"rendered":"<p>Aiuto ACCESSIBILIT\u00c0 Il nostro sito Web \u00e8 progettato pensando all&#8217;accessibilit\u00e0, per garantire che tutti gli utenti possano navigare e interagire con facilit\u00e0. Abbiamo il plug-in One Click Accessibility, che consente agli utenti di personalizzare l&#8217;esperienza del sito in base alle proprie esigenze. Inoltre, tutte le nostre immagini includono un testo alternativo dettagliato in modo che [&hellip;]<\/p>\n","protected":false},"author":8,"featured_media":0,"parent":0,"menu_order":0,"comment_status":"closed","ping_status":"closed","template":"elementor_header_footer","meta":{"_acf_changed":false,"_seopress_robots_primary_cat":"0","_seopress_titles_title":"Dichiarazione di accessibilit\u00e0","_seopress_titles_desc":"Il nostro sito Web \u00e8 progettato pensando all&#039;accessibilit\u00e0, per garantire che tutti gli utenti possano navigare con facilit\u00e0.","_seopress_robots_index":"","footnotes":""},"folder":[75],"class_list":["post-5410","page","type-page","status-publish","hentry"],"acf":[],"_links":{"self":[{"href":"https:\/\/tantratenerife.es\/it\/wp-json\/wp\/v2\/pages\/5410","targetHints":{"allow":["GET"]}}],"collection":[{"href":"https:\/\/tantratenerife.es\/it\/wp-json\/wp\/v2\/pages"}],"about":[{"href":"https:\/\/tantratenerife.es\/it\/wp-json\/wp\/v2\/types\/page"}],"author":[{"embeddable":true,"href":"https:\/\/tantratenerife.es\/it\/wp-json\/wp\/v2\/users\/8"}],"replies":[{"embeddable":true,"href":"https:\/\/tantratenerife.es\/it\/wp-json\/wp\/v2\/comments?post=5410"}],"version-history":[{"count":11,"href":"https:\/\/tantratenerife.es\/it\/wp-json\/wp\/v2\/pages\/5410\/revisions"}],"predecessor-version":[{"id":5704,"href":"https:\/\/tantratenerife.es\/it\/wp-json\/wp\/v2\/pages\/5410\/revisions\/5704"}],"wp:attachment":[{"href":"https:\/\/tantratenerife.es\/it\/wp-json\/wp\/v2\/media?parent=5410"}],"wp:term":[{"taxonomy":"folder","embeddable":true,"href":"https:\/\/tantratenerife.es\/it\/wp-json\/wp\/v2\/folder?post=5410"}],"curies":[{"name":"wp","href":"https:\/\/api.w.org\/{rel}","templated":true}]}}