{"id":4362,"date":"2024-06-03T00:05:32","date_gmt":"2024-06-03T00:05:32","guid":{"rendered":"https:\/\/tantratenerife.es\/?page_id=4362"},"modified":"2024-07-26T01:55:57","modified_gmt":"2024-07-26T01:55:57","slug":"dove-dormire-a-tenerife-old","status":"publish","type":"page","link":"https:\/\/tantratenerife.es\/it\/dove-dormire-a-tenerife-old\/","title":{"rendered":"Dove dormire a Tenerife"},"content":{"rendered":"\t\t<div data-elementor-type=\"wp-page\" data-elementor-id=\"4362\" class=\"elementor elementor-4362 elementor-4360\" data-elementor-post-type=\"page\">\n\t\t\t\t<div class=\"elementor-element elementor-element-0928057 e-flex e-con-boxed e-con e-parent\" data-id=\"0928057\" data-element_type=\"container\" data-e-type=\"container\" data-settings=\"{&quot;background_background&quot;:&quot;classic&quot;}\">\n\t\t\t\t\t<div class=\"e-con-inner\">\n\t\t<div class=\"elementor-element elementor-element-d3e3c92 e-flex e-con-boxed e-con e-child\" data-id=\"d3e3c92\" data-element_type=\"container\" data-e-type=\"container\">\n\t\t\t\t\t<div class=\"e-con-inner\">\n\t\t\t\t<div class=\"elementor-element elementor-element-c4582c6 elementor-widget elementor-widget-heading\" data-id=\"c4582c6\" data-element_type=\"widget\" data-e-type=\"widget\" data-widget_type=\"heading.default\">\n\t\t\t\t<div class=\"elementor-widget-container\">\n\t\t\t\t\t<h2 class=\"elementor-heading-title elementor-size-default\">Dove dormire a Tenerife\n<\/h2>\t\t\t\t<\/div>\n\t\t\t\t<\/div>\n\t\t\t\t<div class=\"elementor-element elementor-element-48bcfdf elementor-widget elementor-widget-heading\" data-id=\"48bcfdf\" data-element_type=\"widget\" data-e-type=\"widget\" data-widget_type=\"heading.default\">\n\t\t\t\t<div class=\"elementor-widget-container\">\n\t\t\t\t\t<h2 class=\"elementor-heading-title elementor-size-default\">Estefan\u00eda Boutique Suites: <br>Il Benessere Incontra l'Eleganza e la Spiritualit\u00e0<\/h2>\t\t\t\t<\/div>\n\t\t\t\t<\/div>\n\t\t\t\t\t<\/div>\n\t\t\t\t<\/div>\n\t\t\t\t\t<\/div>\n\t\t\t\t<\/div>\n\t\t<div class=\"elementor-element elementor-element-c4f8dc0 e-flex e-con-boxed e-con e-parent\" data-id=\"c4f8dc0\" data-element_type=\"container\" data-e-type=\"container\">\n\t\t\t\t\t<div class=\"e-con-inner\">\n\t\t\t\t\t<\/div>\n\t\t\t\t<\/div>\n\t\t<div class=\"elementor-element elementor-element-6cef2fd e-flex e-con-boxed e-con e-parent\" data-id=\"6cef2fd\" data-element_type=\"container\" data-e-type=\"container\">\n\t\t\t\t\t<div class=\"e-con-inner\">\n\t\t<div class=\"elementor-element elementor-element-acfff52 e-con-full e-flex e-con e-child\" data-id=\"acfff52\" data-element_type=\"container\" data-e-type=\"container\">\n\t\t\t\t<div class=\"elementor-element elementor-element-27580fa elementor-widget elementor-widget-image\" data-id=\"27580fa\" data-element_type=\"widget\" data-e-type=\"widget\" data-widget_type=\"image.default\">\n\t\t\t\t<div class=\"elementor-widget-container\">\n\t\t\t\t\t\t\t\t\t\t\t\t\t\t\t<img alt=\"\" fetchpriority=\"high\" decoding=\"async\" width=\"800\" height=\"533\" src=\"https:\/\/tantratenerife.es\/wp-content\/uploads\/2024\/06\/65d3687a37b8a1b4e74ae409_Arco-al-fondo-1024x682.webp\" class=\"attachment-large size-large wp-image-4404\" alt=\"\" srcset=\"https:\/\/tantratenerife.es\/wp-content\/uploads\/2024\/06\/65d3687a37b8a1b4e74ae409_Arco-al-fondo-1024x682.webp 1024w, https:\/\/tantratenerife.es\/wp-content\/uploads\/2024\/06\/65d3687a37b8a1b4e74ae409_Arco-al-fondo-300x200.webp 300w, https:\/\/tantratenerife.es\/wp-content\/uploads\/2024\/06\/65d3687a37b8a1b4e74ae409_Arco-al-fondo-768x512.webp 768w, https:\/\/tantratenerife.es\/wp-content\/uploads\/2024\/06\/65d3687a37b8a1b4e74ae409_Arco-al-fondo-1536x1024.webp 1536w, https:\/\/tantratenerife.es\/wp-content\/uploads\/2024\/06\/65d3687a37b8a1b4e74ae409_Arco-al-fondo.webp 2000w\" sizes=\"(max-width: 800px) 100vw, 800px\" \/>\t\t\t\t\t\t\t\t\t\t\t\t\t\t\t<\/div>\n\t\t\t\t<\/div>\n\t\t\t\t<\/div>\n\t\t<div class=\"elementor-element elementor-element-4e27531 e-con-full e-flex e-con e-child\" data-id=\"4e27531\" data-element_type=\"container\" data-e-type=\"container\">\n\t\t\t\t<div class=\"elementor-element elementor-element-762cc87 elementor-widget elementor-widget-text-editor\" data-id=\"762cc87\" data-element_type=\"widget\" data-e-type=\"widget\" data-widget_type=\"text-editor.default\">\n\t\t\t\t<div class=\"elementor-widget-container\">\n\t\t\t\t\t\t\t\t\t<h4>Siamo entusiasti di annunciare la nostra nuova partnership con Estefan\u00eda Boutique Suites, un hotel esclusivo situato nel sud di Tenerife.<\/h4>\t\t\t\t\t\t\t\t<\/div>\n\t\t\t\t<\/div>\n\t\t\t\t<\/div>\n\t\t\t\t\t<\/div>\n\t\t\t\t<\/div>\n\t\t<div class=\"elementor-element elementor-element-5cc5a78 e-flex e-con-boxed e-con e-parent\" data-id=\"5cc5a78\" data-element_type=\"container\" data-e-type=\"container\">\n\t\t\t\t\t<div class=\"e-con-inner\">\n\t\t<div class=\"elementor-element elementor-element-d50a0a9 e-con-full e-flex e-con e-child\" data-id=\"d50a0a9\" data-element_type=\"container\" data-e-type=\"container\">\n\t\t\t\t<div class=\"elementor-element elementor-element-ad94c9c elementor-widget elementor-widget-text-editor\" data-id=\"ad94c9c\" data-element_type=\"widget\" data-e-type=\"widget\" data-widget_type=\"text-editor.default\">\n\t\t\t\t<div class=\"elementor-widget-container\">\n\t\t\t\t\t\t\t\t\t<h4>Questo raffinato hotel per soli adulti offre un ambiente intimo e sereno, perfetto per un&#8217;esperienza spirituale e rigenerante.<\/h4>\t\t\t\t\t\t\t\t<\/div>\n\t\t\t\t<\/div>\n\t\t\t\t<\/div>\n\t\t<div class=\"elementor-element elementor-element-60e98fd e-con-full e-flex e-con e-child\" data-id=\"60e98fd\" data-element_type=\"container\" data-e-type=\"container\">\n\t\t\t\t<div class=\"elementor-element elementor-element-725b9fb elementor-widget elementor-widget-image\" data-id=\"725b9fb\" data-element_type=\"widget\" data-e-type=\"widget\" data-widget_type=\"image.default\">\n\t\t\t\t<div class=\"elementor-widget-container\">\n\t\t\t\t\t\t\t\t\t\t\t\t\t\t\t<img alt=\"\" decoding=\"async\" width=\"800\" height=\"534\" src=\"https:\/\/tantratenerife.es\/wp-content\/uploads\/2024\/06\/65e65f03d2c700feb19d0e06_Balinese-Beds-Pool-View-1024x683.jpg\" class=\"attachment-large size-large wp-image-4407\" alt=\"\" srcset=\"https:\/\/tantratenerife.es\/wp-content\/uploads\/2024\/06\/65e65f03d2c700feb19d0e06_Balinese-Beds-Pool-View-1024x683.jpg.webp 1024w, https:\/\/tantratenerife.es\/wp-content\/uploads\/2024\/06\/65e65f03d2c700feb19d0e06_Balinese-Beds-Pool-View-300x200.jpg.webp 300w, https:\/\/tantratenerife.es\/wp-content\/uploads\/2024\/06\/65e65f03d2c700feb19d0e06_Balinese-Beds-Pool-View-768x512.jpg.webp 768w, https:\/\/tantratenerife.es\/wp-content\/uploads\/2024\/06\/65e65f03d2c700feb19d0e06_Balinese-Beds-Pool-View-1536x1024.jpg.webp 1536w, https:\/\/tantratenerife.es\/wp-content\/uploads\/2024\/06\/65e65f03d2c700feb19d0e06_Balinese-Beds-Pool-View-2048x1365.jpg.webp 2048w\" sizes=\"(max-width: 800px) 100vw, 800px\" \/>\t\t\t\t\t\t\t\t\t\t\t\t\t\t\t<\/div>\n\t\t\t\t<\/div>\n\t\t\t\t<\/div>\n\t\t\t\t\t<\/div>\n\t\t\t\t<\/div>\n\t\t<div class=\"elementor-element elementor-element-c4a0da0 e-flex e-con-boxed e-con e-parent\" data-id=\"c4a0da0\" data-element_type=\"container\" data-e-type=\"container\">\n\t\t\t\t\t<div class=\"e-con-inner\">\n\t\t\t\t<div class=\"elementor-element elementor-element-2ab671b elementor--h-position-center elementor--v-position-middle elementor-arrows-position-inside elementor-pagination-position-inside elementor-widget elementor-widget-slides\" data-id=\"2ab671b\" data-element_type=\"widget\" data-e-type=\"widget\" data-settings=\"{&quot;autoplay_speed&quot;:4000,&quot;transition&quot;:&quot;fade&quot;,&quot;transition_speed&quot;:1000,&quot;navigation&quot;:&quot;both&quot;,&quot;autoplay&quot;:&quot;yes&quot;,&quot;pause_on_hover&quot;:&quot;yes&quot;,&quot;pause_on_interaction&quot;:&quot;yes&quot;,&quot;infinite&quot;:&quot;yes&quot;}\" data-widget_type=\"slides.default\">\n\t\t\t\t<div class=\"elementor-widget-container\">\n\t\t\t\t\t\t\t\t\t<div class=\"elementor-swiper\">\n\t\t\t\t\t<div class=\"elementor-slides-wrapper elementor-main-swiper swiper\" role=\"region\" aria-roledescription=\"carousel\" aria-label=\"Slides\" dir=\"ltr\" data-animation=\"fadeInUp\">\n\t\t\t\t<div class=\"swiper-wrapper elementor-slides\">\n\t\t\t\t\t\t\t\t\t\t<div class=\"elementor-repeater-item-494b697 swiper-slide\" role=\"group\" aria-roledescription=\"slide\"><div class=\"swiper-slide-bg\" role=\"img\" aria-label=\"camera daletto\"><\/div><div class=\"swiper-slide-inner\" ><div class=\"swiper-slide-contents\"><\/div><\/div><\/div><div class=\"elementor-repeater-item-ce19f4c swiper-slide\" role=\"group\" aria-roledescription=\"slide\"><div class=\"swiper-slide-bg\" role=\"img\" aria-label=\"bagno\"><\/div><div class=\"swiper-slide-inner\" ><div class=\"swiper-slide-contents\"><\/div><\/div><\/div><div class=\"elementor-repeater-item-385688b swiper-slide\" role=\"group\" aria-roledescription=\"slide\"><div class=\"swiper-slide-bg\" role=\"img\" aria-label=\"giardino\"><\/div><div class=\"swiper-slide-inner\" ><div class=\"swiper-slide-contents\"><\/div><\/div><\/div><div class=\"elementor-repeater-item-974d3fc swiper-slide\" role=\"group\" aria-roledescription=\"slide\"><div class=\"swiper-slide-bg\" role=\"img\" aria-label=\"cucian\"><\/div><div class=\"swiper-slide-inner\" ><div class=\"swiper-slide-contents\"><\/div><\/div><\/div>\t\t\t\t<\/div>\n\t\t\t\t\t\t\t\t\t\t\t\t\t\t\t<div class=\"elementor-swiper-button elementor-swiper-button-prev\" role=\"button\" tabindex=\"0\" aria-label=\"Diapositiva precedente\">\n\t\t\t\t\t\t\t<svg aria-hidden=\"true\" class=\"e-font-icon-svg e-eicon-chevron-left\" viewBox=\"0 0 1000 1000\" xmlns=\"http:\/\/www.w3.org\/2000\/svg\"><path d=\"M646 125C629 125 613 133 604 142L308 442C296 454 292 471 292 487 292 504 296 521 308 533L604 854C617 867 629 875 646 875 663 875 679 871 692 858 704 846 713 829 713 812 713 796 708 779 692 767L438 487 692 225C700 217 708 204 708 187 708 171 704 154 692 142 675 129 663 125 646 125Z\"><\/path><\/svg>\t\t\t\t\t\t<\/div>\n\t\t\t\t\t\t<div class=\"elementor-swiper-button elementor-swiper-button-next\" role=\"button\" tabindex=\"0\" aria-label=\"Prossima diapositiva\">\n\t\t\t\t\t\t\t<svg aria-hidden=\"true\" class=\"e-font-icon-svg e-eicon-chevron-right\" viewBox=\"0 0 1000 1000\" xmlns=\"http:\/\/www.w3.org\/2000\/svg\"><path d=\"M696 533C708 521 713 504 713 487 713 471 708 454 696 446L400 146C388 133 375 125 354 125 338 125 325 129 313 142 300 154 292 171 292 187 292 204 296 221 308 233L563 492 304 771C292 783 288 800 288 817 288 833 296 850 308 863 321 871 338 875 354 875 371 875 388 867 400 854L696 533Z\"><\/path><\/svg>\t\t\t\t\t\t<\/div>\n\t\t\t\t\t\t\t\t\t\t\t\t\t\t\t\t<div class=\"swiper-pagination\"><\/div>\n\t\t\t\t\t\t\t\t\t\t\t\t<\/div>\n\t\t\t\t<\/div>\n\t\t\t\t\t\t\t\t<\/div>\n\t\t\t\t<\/div>\n\t\t\t\t\t<\/div>\n\t\t\t\t<\/div>\n\t\t<div class=\"elementor-element elementor-element-4024110 e-flex e-con-boxed e-con e-parent\" data-id=\"4024110\" data-element_type=\"container\" data-e-type=\"container\">\n\t\t\t\t\t<div class=\"e-con-inner\">\n\t\t\t\t<div class=\"elementor-element elementor-element-468a40b elementor-widget elementor-widget-text-editor\" data-id=\"468a40b\" data-element_type=\"widget\" data-e-type=\"widget\" data-widget_type=\"text-editor.default\">\n\t\t\t\t<div class=\"elementor-widget-container\">\n\t\t\t\t\t\t\t\t\t<h4>Con 32 suite eleganti, servizi benessere quali tantra, yoga e mindfulness, e un&#8217;attenzione particolare alla personalizzazione, Estefan\u00eda Boutique Suites \u00e8 il rifugio ideale per chi cerca pace e armonia. Regalati un&#8217;oasi di tranquillit\u00e0 immersa in un contesto lussuoso e energeticamente accogliente.<\/h4>\t\t\t\t\t\t\t\t<\/div>\n\t\t\t\t<\/div>\n\t\t\t\t\t<\/div>\n\t\t\t\t<\/div>\n\t\t<div class=\"elementor-element elementor-element-5b555fd e-flex e-con-boxed e-con e-parent\" data-id=\"5b555fd\" data-element_type=\"container\" data-e-type=\"container\">\n\t\t\t\t\t<div class=\"e-con-inner\">\n\t\t\t\t<div class=\"elementor-element elementor-element-b6b1525 elementor-widget-divider--view-line elementor-widget elementor-widget-divider\" data-id=\"b6b1525\" data-element_type=\"widget\" data-e-type=\"widget\" data-widget_type=\"divider.default\">\n\t\t\t\t<div class=\"elementor-widget-container\">\n\t\t\t\t\t\t\t<div class=\"elementor-divider\">\n\t\t\t<span class=\"elementor-divider-separator\">\n\t\t\t\t\t\t<\/span>\n\t\t<\/div>\n\t\t\t\t\t\t<\/div>\n\t\t\t\t<\/div>\n\t\t\t\t\t<\/div>\n\t\t\t\t<\/div>\n\t\t<div class=\"elementor-element elementor-element-a3b29ab e-flex e-con-boxed e-con e-parent\" data-id=\"a3b29ab\" data-element_type=\"container\" data-e-type=\"container\">\n\t\t\t\t\t<div class=\"e-con-inner\">\n\t\t<div class=\"elementor-element elementor-element-6a9e260 e-con-full e-flex e-con e-child\" data-id=\"6a9e260\" data-element_type=\"container\" data-e-type=\"container\">\n\t\t\t\t<div class=\"elementor-element elementor-element-739744b elementor-cta--skin-classic elementor-animated-content elementor-bg-transform elementor-bg-transform-zoom-in elementor-widget elementor-widget-call-to-action\" data-id=\"739744b\" data-element_type=\"widget\" data-e-type=\"widget\" data-widget_type=\"call-to-action.default\">\n\t\t\t\t<div class=\"elementor-widget-container\">\n\t\t\t\t\t\t\t<div class=\"elementor-cta\">\n\t\t\t\t\t<div class=\"elementor-cta__bg-wrapper\">\n\t\t\t\t<div class=\"elementor-cta__bg elementor-bg\" style=\"background-image: url(https:\/\/tantratenerife.es\/wp-content\/uploads\/2024\/06\/65d3689c82912d41ea796e30_Lobby-Vista-Altura-Buena-1024x682.webp);\" role=\"img\" aria-label=\"65d3689c82912d41ea796e30_Lobby Vista Altura (Buena)\"><\/div>\n\t\t\t\t<div class=\"elementor-cta__bg-overlay\"><\/div>\n\t\t\t<\/div>\n\t\t\t\t\t\t\t<div class=\"elementor-cta__content\">\n\t\t\t\t\n\t\t\t\t\t\t\t\t\t<h2 class=\"elementor-cta__title elementor-cta__content-item elementor-content-item\">\n\t\t\t\t\t\tPrenota il tuo soggiorno\t\t\t\t\t<\/h2>\n\t\t\t\t\n\t\t\t\t\t\t\t\t\t<div class=\"elementor-cta__description elementor-cta__content-item elementor-content-item\">\n\t\t\t\t\t\tVisita il sito di Hotel Estefania Boutique Suites\t\t\t\t\t<\/div>\n\t\t\t\t\n\t\t\t\t\t\t\t\t\t<div class=\"elementor-cta__button-wrapper elementor-cta__content-item elementor-content-item \">\n\t\t\t\t\t<a class=\"elementor-cta__button elementor-button elementor-size-\" href=\"https:\/\/www.estefaniaboutiquesuites.com\/\" target=\"_blank\">\n\t\t\t\t\t\tClicca qui\t\t\t\t\t<\/a>\n\t\t\t\t\t<\/div>\n\t\t\t\t\t\t\t<\/div>\n\t\t\t\t\t\t<\/div>\n\t\t\t\t\t\t<\/div>\n\t\t\t\t<\/div>\n\t\t\t\t<\/div>\n\t\t<div class=\"elementor-element elementor-element-0fcebb8 e-con-full e-flex e-con e-child\" data-id=\"0fcebb8\" data-element_type=\"container\" data-e-type=\"container\">\n\t\t\t\t<div class=\"elementor-element elementor-element-e7e372d elementor-widget elementor-widget-google_maps\" data-id=\"e7e372d\" data-element_type=\"widget\" data-e-type=\"widget\" data-widget_type=\"google_maps.default\">\n\t\t\t\t<div class=\"elementor-widget-container\">\n\t\t\t\t\t\t\t<div class=\"elementor-custom-embed\">\n\t\t\t<iframe loading=\"lazy\"\n\t\t\t\t\tsrc=\"https:\/\/maps.google.com\/maps?q=estefania%20boutiqu&#038;t=m&#038;z=14&#038;output=embed&#038;iwloc=near\"\n\t\t\t\t\ttitle=\"estefania boutiqu\"\n\t\t\t\t\taria-label=\"estefania boutiqu\"\n\t\t\t><\/iframe>\n\t\t<\/div>\n\t\t\t\t\t\t<\/div>\n\t\t\t\t<\/div>\n\t\t\t\t<\/div>\n\t\t\t\t\t<\/div>\n\t\t\t\t<\/div>\n\t\t\t\t<\/div>\n\t\t","protected":false},"excerpt":{"rendered":"<p>Dove dormire a Tenerife Estefan\u00eda Boutique Suites: Il Benessere Incontra l&#8217;Eleganza e la Spiritualit\u00e0 Siamo entusiasti di annunciare la nostra nuova partnership con Estefan\u00eda Boutique Suites, un hotel esclusivo situato nel sud di Tenerife. Questo raffinato hotel per soli adulti offre un ambiente intimo e sereno, perfetto per un&#8217;esperienza spirituale e rigenerante. Previous slide Next [&hellip;]<\/p>\n","protected":false},"author":2,"featured_media":0,"parent":0,"menu_order":0,"comment_status":"closed","ping_status":"closed","template":"elementor_header_footer","meta":{"_acf_changed":false,"_seopress_robots_primary_cat":"0","_seopress_titles_title":"","_seopress_titles_desc":"","_seopress_robots_index":"","footnotes":""},"folder":[74],"class_list":["post-4362","page","type-page","status-publish","hentry"],"acf":[],"_links":{"self":[{"href":"https:\/\/tantratenerife.es\/it\/wp-json\/wp\/v2\/pages\/4362","targetHints":{"allow":["GET"]}}],"collection":[{"href":"https:\/\/tantratenerife.es\/it\/wp-json\/wp\/v2\/pages"}],"about":[{"href":"https:\/\/tantratenerife.es\/it\/wp-json\/wp\/v2\/types\/page"}],"author":[{"embeddable":true,"href":"https:\/\/tantratenerife.es\/it\/wp-json\/wp\/v2\/users\/2"}],"replies":[{"embeddable":true,"href":"https:\/\/tantratenerife.es\/it\/wp-json\/wp\/v2\/comments?post=4362"}],"version-history":[{"count":25,"href":"https:\/\/tantratenerife.es\/it\/wp-json\/wp\/v2\/pages\/4362\/revisions"}],"predecessor-version":[{"id":4603,"href":"https:\/\/tantratenerife.es\/it\/wp-json\/wp\/v2\/pages\/4362\/revisions\/4603"}],"wp:attachment":[{"href":"https:\/\/tantratenerife.es\/it\/wp-json\/wp\/v2\/media?parent=4362"}],"wp:term":[{"taxonomy":"folder","embeddable":true,"href":"https:\/\/tantratenerife.es\/it\/wp-json\/wp\/v2\/folder?post=4362"}],"curies":[{"name":"wp","href":"https:\/\/api.w.org\/{rel}","templated":true}]}}