{"id":4091,"date":"2024-05-31T19:59:07","date_gmt":"2024-05-31T19:59:07","guid":{"rendered":"https:\/\/tantratenerife.es\/?page_id=4091"},"modified":"2024-07-26T02:03:50","modified_gmt":"2024-07-26T02:03:50","slug":"blog","status":"publish","type":"page","link":"https:\/\/tantratenerife.es\/it\/blog\/","title":{"rendered":"Blog"},"content":{"rendered":"\t\t<div data-elementor-type=\"wp-page\" data-elementor-id=\"4091\" class=\"elementor elementor-4091 elementor-4089\" data-elementor-post-type=\"page\">\n\t\t\t\t<div class=\"elementor-element elementor-element-042a460 e-flex e-con-boxed e-con e-parent\" data-id=\"042a460\" data-element_type=\"container\" data-e-type=\"container\" data-settings=\"{&quot;background_background&quot;:&quot;classic&quot;}\">\n\t\t\t\t\t<div class=\"e-con-inner\">\n\t\t<div class=\"elementor-element elementor-element-1b5e8d9 e-flex e-con-boxed e-con e-child\" data-id=\"1b5e8d9\" data-element_type=\"container\" data-e-type=\"container\">\n\t\t\t\t\t<div class=\"e-con-inner\">\n\t\t\t\t<div class=\"elementor-element elementor-element-12bd281 elementor-widget elementor-widget-text-editor\" data-id=\"12bd281\" data-element_type=\"widget\" data-e-type=\"widget\" data-widget_type=\"text-editor.default\">\n\t\t\t\t<div class=\"elementor-widget-container\">\n\t\t\t\t\t\t\t\t\t<p>Blog<\/p>\t\t\t\t\t\t\t\t<\/div>\n\t\t\t\t<\/div>\n\t\t\t\t\t<\/div>\n\t\t\t\t<\/div>\n\t\t\t\t\t<\/div>\n\t\t\t\t<\/div>\n\t\t<div class=\"elementor-element elementor-element-00a2c3e e-flex e-con-boxed e-con e-parent\" data-id=\"00a2c3e\" data-element_type=\"container\" data-e-type=\"container\">\n\t\t\t\t\t<div class=\"e-con-inner\">\n\t\t\t\t<div class=\"elementor-element elementor-element-7b6dcf6 elementor-grid-3 elementor-grid-tablet-2 elementor-grid-mobile-1 elementor-posts--thumbnail-top elementor-widget elementor-widget-posts\" data-id=\"7b6dcf6\" data-element_type=\"widget\" data-e-type=\"widget\" data-settings=\"{&quot;classic_columns&quot;:&quot;3&quot;,&quot;classic_columns_tablet&quot;:&quot;2&quot;,&quot;classic_columns_mobile&quot;:&quot;1&quot;,&quot;classic_row_gap&quot;:{&quot;unit&quot;:&quot;px&quot;,&quot;size&quot;:35,&quot;sizes&quot;:[]},&quot;classic_row_gap_tablet&quot;:{&quot;unit&quot;:&quot;px&quot;,&quot;size&quot;:&quot;&quot;,&quot;sizes&quot;:[]},&quot;classic_row_gap_mobile&quot;:{&quot;unit&quot;:&quot;px&quot;,&quot;size&quot;:&quot;&quot;,&quot;sizes&quot;:[]}}\" data-widget_type=\"posts.classic\">\n\t\t\t\t<div class=\"elementor-widget-container\">\n\t\t\t\t\t\t\t<div class=\"elementor-posts-container elementor-posts elementor-posts--skin-classic elementor-grid\" role=\"list\">\n\t\t\t\t<article class=\"elementor-post elementor-grid-item post-8160 post type-post status-publish format-standard has-post-thumbnail hentry category-sin-categorizar\" role=\"listitem\">\n\t\t\t\t<a class=\"elementor-post__thumbnail__link\" href=\"https:\/\/tantratenerife.es\/it\/despertando-la-conciencia-de-unidad-formacion-de-tantra-online\/\" tabindex=\"-1\" >\n\t\t\t<div class=\"elementor-post__thumbnail\"><img fetchpriority=\"high\" decoding=\"async\" width=\"300\" height=\"200\" src=\"https:\/\/tantratenerife.es\/wp-content\/uploads\/2025\/07\/laura-carcel-300x200.jpg\" class=\"attachment-medium size-medium wp-image-8163\" alt=\"formacion online laura carcel\" srcset=\"https:\/\/tantratenerife.es\/wp-content\/uploads\/2025\/07\/laura-carcel-300x200.jpg 300w, https:\/\/tantratenerife.es\/wp-content\/uploads\/2025\/07\/laura-carcel-1024x683.jpg 1024w, https:\/\/tantratenerife.es\/wp-content\/uploads\/2025\/07\/laura-carcel-768x512.jpg 768w, https:\/\/tantratenerife.es\/wp-content\/uploads\/2025\/07\/laura-carcel.jpg 1536w\" sizes=\"(max-width: 300px) 100vw, 300px\" \/><\/div>\n\t\t<\/a>\n\t\t\t\t<div class=\"elementor-post__text\">\n\t\t\t\t<h3 class=\"elementor-post__title\">\n\t\t\t<a href=\"https:\/\/tantratenerife.es\/it\/despertando-la-conciencia-de-unidad-formacion-de-tantra-online\/\" >\n\t\t\t\tDespertando la Conciencia de Unidad: Formaci\u00f3n de Tantra Online\t\t\t<\/a>\n\t\t<\/h3>\n\t\t\t\t<div class=\"elementor-post__meta-data\">\n\t\t\t\t\t<span class=\"elementor-post-date\">\n\t\t\tLuglio 15, 2025\t\t<\/span>\n\t\t\t\t<\/div>\n\t\t\t\t<div class=\"elementor-post__excerpt\">\n\t\t\t<p>En un mundo cada vez m\u00e1s digitalizado, la b\u00fasqueda de la paz interior y el bienestar emocional tambi\u00e9n ha encontrado su camino en el \u00e1mbito<\/p>\n\t\t<\/div>\n\t\t\n\t\t<a class=\"elementor-post__read-more\" href=\"https:\/\/tantratenerife.es\/it\/despertando-la-conciencia-de-unidad-formacion-de-tantra-online\/\" aria-label=\"Leggi tutto Despertando la Conciencia de Unidad: Formaci\u00f3n de Tantra Online\" tabindex=\"-1\" >\n\t\t\tLeer m\u00e1s \u00bb\t\t<\/a>\n\n\t\t\t\t<\/div>\n\t\t\t\t<\/article>\n\t\t\t\t<article class=\"elementor-post elementor-grid-item post-7849 post type-post status-publish format-standard has-post-thumbnail hentry category-non-categorizzato\" role=\"listitem\">\n\t\t\t\t<a class=\"elementor-post__thumbnail__link\" href=\"https:\/\/tantratenerife.es\/it\/massaggio-a-tenerife-molto-piu-di-un-semplice-relax\/\" tabindex=\"-1\" >\n\t\t\t<div class=\"elementor-post__thumbnail\"><img decoding=\"async\" width=\"300\" height=\"300\" src=\"https:\/\/tantratenerife.es\/wp-content\/uploads\/2025\/06\/masaje-en-tenerife-descubre-una-experiencia-300x300.jpg\" class=\"attachment-medium size-medium wp-image-7840\" alt=\"tenerife massage - masaje en tenerife - massaggio a tenerife\" srcset=\"https:\/\/tantratenerife.es\/wp-content\/uploads\/2025\/06\/masaje-en-tenerife-descubre-una-experiencia-300x300.jpg 300w, https:\/\/tantratenerife.es\/wp-content\/uploads\/2025\/06\/masaje-en-tenerife-descubre-una-experiencia-150x150.jpg 150w, https:\/\/tantratenerife.es\/wp-content\/uploads\/2025\/06\/masaje-en-tenerife-descubre-una-experiencia-768x768.jpg 768w, https:\/\/tantratenerife.es\/wp-content\/uploads\/2025\/06\/masaje-en-tenerife-descubre-una-experiencia.jpg 1024w\" sizes=\"(max-width: 300px) 100vw, 300px\" \/><\/div>\n\t\t<\/a>\n\t\t\t\t<div class=\"elementor-post__text\">\n\t\t\t\t<h3 class=\"elementor-post__title\">\n\t\t\t<a href=\"https:\/\/tantratenerife.es\/it\/massaggio-a-tenerife-molto-piu-di-un-semplice-relax\/\" >\n\t\t\t\tMassaggio a Tenerife: molto pi\u00f9 di un semplice relax\t\t\t<\/a>\n\t\t<\/h3>\n\t\t\t\t<div class=\"elementor-post__meta-data\">\n\t\t\t\t\t<span class=\"elementor-post-date\">\n\t\t\tGiugno 3, 2025\t\t<\/span>\n\t\t\t\t<\/div>\n\t\t\t\t<div class=\"elementor-post__excerpt\">\n\t\t\t<p>Tenerife non \u00e8 solo mare, sole e vacanza. \u00c8 anche un luogo dove puoi riconnetterti con te stesso e con il tuo benessere. Se stai<\/p>\n\t\t<\/div>\n\t\t\n\t\t<a class=\"elementor-post__read-more\" href=\"https:\/\/tantratenerife.es\/it\/massaggio-a-tenerife-molto-piu-di-un-semplice-relax\/\" aria-label=\"Leggi tutto Massaggio a Tenerife: molto pi\u00f9 di un semplice relax\" tabindex=\"-1\" >\n\t\t\tLeer m\u00e1s \u00bb\t\t<\/a>\n\n\t\t\t\t<\/div>\n\t\t\t\t<\/article>\n\t\t\t\t<article class=\"elementor-post elementor-grid-item post-7833 post type-post status-publish format-standard has-post-thumbnail hentry category-non-categorizzato\" role=\"listitem\">\n\t\t\t\t<a class=\"elementor-post__thumbnail__link\" href=\"https:\/\/tantratenerife.es\/it\/massaggio-a-tenerife-scopri-lesperienza-perfetta-per-il-tuo-corpo-e-la-tua-mente\/\" tabindex=\"-1\" >\n\t\t\t<div class=\"elementor-post__thumbnail\"><img decoding=\"async\" width=\"300\" height=\"300\" src=\"https:\/\/tantratenerife.es\/wp-content\/uploads\/2025\/06\/masaje-en-tenerife-300x300.jpg\" class=\"attachment-medium size-medium wp-image-7828\" alt=\"masaje tenerife\" srcset=\"https:\/\/tantratenerife.es\/wp-content\/uploads\/2025\/06\/masaje-en-tenerife-300x300.jpg 300w, https:\/\/tantratenerife.es\/wp-content\/uploads\/2025\/06\/masaje-en-tenerife-150x150.jpg 150w, https:\/\/tantratenerife.es\/wp-content\/uploads\/2025\/06\/masaje-en-tenerife-768x768.jpg 768w, https:\/\/tantratenerife.es\/wp-content\/uploads\/2025\/06\/masaje-en-tenerife.jpg 1024w\" sizes=\"(max-width: 300px) 100vw, 300px\" \/><\/div>\n\t\t<\/a>\n\t\t\t\t<div class=\"elementor-post__text\">\n\t\t\t\t<h3 class=\"elementor-post__title\">\n\t\t\t<a href=\"https:\/\/tantratenerife.es\/it\/massaggio-a-tenerife-scopri-lesperienza-perfetta-per-il-tuo-corpo-e-la-tua-mente\/\" >\n\t\t\t\tMassaggio a Tenerife: Scopri l\u2019esperienza perfetta per il tuo corpo e la tua mente\t\t\t<\/a>\n\t\t<\/h3>\n\t\t\t\t<div class=\"elementor-post__meta-data\">\n\t\t\t\t\t<span class=\"elementor-post-date\">\n\t\t\tGiugno 3, 2025\t\t<\/span>\n\t\t\t\t<\/div>\n\t\t\t\t<div class=\"elementor-post__excerpt\">\n\t\t\t<p>Se stai cercando un massaggio a Tenerife che vada oltre il semplice relax, sei nel posto giusto. Nell\u2019isola dell\u2019eterna primavera, tra spiagge dorate e panorami<\/p>\n\t\t<\/div>\n\t\t\n\t\t<a class=\"elementor-post__read-more\" href=\"https:\/\/tantratenerife.es\/it\/massaggio-a-tenerife-scopri-lesperienza-perfetta-per-il-tuo-corpo-e-la-tua-mente\/\" aria-label=\"Leggi tutto Massaggio a Tenerife: Scopri l\u2019esperienza perfetta per il tuo corpo e la tua mente\" tabindex=\"-1\" >\n\t\t\tLeer m\u00e1s \u00bb\t\t<\/a>\n\n\t\t\t\t<\/div>\n\t\t\t\t<\/article>\n\t\t\t\t<article class=\"elementor-post elementor-grid-item post-7814 post type-post status-publish format-standard has-post-thumbnail hentry category-non-categorizzato\" role=\"listitem\">\n\t\t\t\t<a class=\"elementor-post__thumbnail__link\" href=\"https:\/\/tantratenerife.es\/it\/%f0%9f%a7%98%e2%99%82%ef%b8%8f-come-puo-il-massaggio-tantrico-aiutarti-a-gestire-lo-stress-e-lansia-cronica\/\" tabindex=\"-1\" >\n\t\t\t<div class=\"elementor-post__thumbnail\"><img loading=\"lazy\" decoding=\"async\" width=\"200\" height=\"300\" src=\"https:\/\/tantratenerife.es\/wp-content\/uploads\/2025\/05\/masaje-tantrico-a-gestionar-el-estres-200x300.jpg\" class=\"attachment-medium size-medium wp-image-7811\" alt=\"\u00bfC\u00f3mo puede ayudarte el masaje t\u00e1ntrico a gestionar el estr\u00e9s y la ansiedad cr\u00f3nica?\" srcset=\"https:\/\/tantratenerife.es\/wp-content\/uploads\/2025\/05\/masaje-tantrico-a-gestionar-el-estres-200x300.jpg 200w, https:\/\/tantratenerife.es\/wp-content\/uploads\/2025\/05\/masaje-tantrico-a-gestionar-el-estres-683x1024.jpg 683w, https:\/\/tantratenerife.es\/wp-content\/uploads\/2025\/05\/masaje-tantrico-a-gestionar-el-estres-768x1152.jpg 768w, https:\/\/tantratenerife.es\/wp-content\/uploads\/2025\/05\/masaje-tantrico-a-gestionar-el-estres.jpg 1024w\" sizes=\"(max-width: 200px) 100vw, 200px\" \/><\/div>\n\t\t<\/a>\n\t\t\t\t<div class=\"elementor-post__text\">\n\t\t\t\t<h3 class=\"elementor-post__title\">\n\t\t\t<a href=\"https:\/\/tantratenerife.es\/it\/%f0%9f%a7%98%e2%99%82%ef%b8%8f-come-puo-il-massaggio-tantrico-aiutarti-a-gestire-lo-stress-e-lansia-cronica\/\" >\n\t\t\t\t\ud83e\uddd8\u200d\u2642\ufe0f Come pu\u00f2 il massaggio tantrico aiutarti a gestire lo stress e l\u2019ansia cronica?\t\t\t<\/a>\n\t\t<\/h3>\n\t\t\t\t<div class=\"elementor-post__meta-data\">\n\t\t\t\t\t<span class=\"elementor-post-date\">\n\t\t\tMaggio 29, 2025\t\t<\/span>\n\t\t\t\t<\/div>\n\t\t\t\t<div class=\"elementor-post__excerpt\">\n\t\t\t<p>\ud83d\ude29 Lo stress ti sta consumando? Se ti senti teso, esausto o con la mente sempre in allerta, non sei solo. Lo stress e l\u2019ansia<\/p>\n\t\t<\/div>\n\t\t\n\t\t<a class=\"elementor-post__read-more\" href=\"https:\/\/tantratenerife.es\/it\/%f0%9f%a7%98%e2%99%82%ef%b8%8f-come-puo-il-massaggio-tantrico-aiutarti-a-gestire-lo-stress-e-lansia-cronica\/\" aria-label=\"Leggi tutto \ud83e\uddd8\u200d\u2642\ufe0f Come pu\u00f2 il massaggio tantrico aiutarti a gestire lo stress e l\u2019ansia cronica?\" tabindex=\"-1\" >\n\t\t\tLeer m\u00e1s \u00bb\t\t<\/a>\n\n\t\t\t\t<\/div>\n\t\t\t\t<\/article>\n\t\t\t\t<article class=\"elementor-post elementor-grid-item post-7729 post type-post status-publish format-standard has-post-thumbnail hentry category-non-categorizzato\" role=\"listitem\">\n\t\t\t\t<a class=\"elementor-post__thumbnail__link\" href=\"https:\/\/tantratenerife.es\/it\/ritrovare-lintimita-di-coppia-attraverso-il-tantra-un-cammino-di-connessione-autentica\/\" tabindex=\"-1\" >\n\t\t\t<div class=\"elementor-post__thumbnail\"><img loading=\"lazy\" decoding=\"async\" width=\"200\" height=\"300\" src=\"https:\/\/tantratenerife.es\/wp-content\/uploads\/2025\/05\/ChatGPT-Image-7-mag-2025-18_42_04-200x300.jpg\" class=\"attachment-medium size-medium wp-image-7725\" alt=\"intimidad y conexi\u00f3n\" srcset=\"https:\/\/tantratenerife.es\/wp-content\/uploads\/2025\/05\/ChatGPT-Image-7-mag-2025-18_42_04-200x300.jpg 200w, https:\/\/tantratenerife.es\/wp-content\/uploads\/2025\/05\/ChatGPT-Image-7-mag-2025-18_42_04-683x1024.jpg 683w, https:\/\/tantratenerife.es\/wp-content\/uploads\/2025\/05\/ChatGPT-Image-7-mag-2025-18_42_04-768x1152.jpg 768w, https:\/\/tantratenerife.es\/wp-content\/uploads\/2025\/05\/ChatGPT-Image-7-mag-2025-18_42_04.jpg 1024w\" sizes=\"(max-width: 200px) 100vw, 200px\" \/><\/div>\n\t\t<\/a>\n\t\t\t\t<div class=\"elementor-post__text\">\n\t\t\t\t<h3 class=\"elementor-post__title\">\n\t\t\t<a href=\"https:\/\/tantratenerife.es\/it\/ritrovare-lintimita-di-coppia-attraverso-il-tantra-un-cammino-di-connessione-autentica\/\" >\n\t\t\t\tRitrovare l\u2019intimit\u00e0 di coppia attraverso il Tantra: un cammino di connessione autentica\t\t\t<\/a>\n\t\t<\/h3>\n\t\t\t\t<div class=\"elementor-post__meta-data\">\n\t\t\t\t\t<span class=\"elementor-post-date\">\n\t\t\tMaggio 7, 2025\t\t<\/span>\n\t\t\t\t<\/div>\n\t\t\t\t<div class=\"elementor-post__excerpt\">\n\t\t\t<p>Ti capita mai di sentirti vicino\u2026 ma distante? Pu\u00f2 succedere anche nelle relazioni pi\u00f9 forti. I ritmi della vita, lo stress, le incomprensioni o semplicemente<\/p>\n\t\t<\/div>\n\t\t\n\t\t<a class=\"elementor-post__read-more\" href=\"https:\/\/tantratenerife.es\/it\/ritrovare-lintimita-di-coppia-attraverso-il-tantra-un-cammino-di-connessione-autentica\/\" aria-label=\"Leggi tutto Ritrovare l\u2019intimit\u00e0 di coppia attraverso il Tantra: un cammino di connessione autentica\" tabindex=\"-1\" >\n\t\t\tLeer m\u00e1s \u00bb\t\t<\/a>\n\n\t\t\t\t<\/div>\n\t\t\t\t<\/article>\n\t\t\t\t<article class=\"elementor-post elementor-grid-item post-7719 post type-post status-publish format-standard has-post-thumbnail hentry category-non-categorizzato\" role=\"listitem\">\n\t\t\t\t<a class=\"elementor-post__thumbnail__link\" href=\"https:\/\/tantratenerife.es\/it\/quando-il-desiderio-svanisce-riscoprire-la-sensualita-con-il-tantra\/\" tabindex=\"-1\" >\n\t\t\t<div class=\"elementor-post__thumbnail\"><img loading=\"lazy\" decoding=\"async\" width=\"300\" height=\"300\" src=\"https:\/\/tantratenerife.es\/wp-content\/uploads\/2025\/05\/ChatGPT-Image-7-mag-2025-16_41_41-300x300.jpg\" class=\"attachment-medium size-medium wp-image-7715\" alt=\"Masaje t\u00e1ntrico en Tenerife para conectar cuerpo y alma\" srcset=\"https:\/\/tantratenerife.es\/wp-content\/uploads\/2025\/05\/ChatGPT-Image-7-mag-2025-16_41_41-300x300.jpg 300w, https:\/\/tantratenerife.es\/wp-content\/uploads\/2025\/05\/ChatGPT-Image-7-mag-2025-16_41_41-150x150.jpg 150w, https:\/\/tantratenerife.es\/wp-content\/uploads\/2025\/05\/ChatGPT-Image-7-mag-2025-16_41_41-768x768.jpg 768w, https:\/\/tantratenerife.es\/wp-content\/uploads\/2025\/05\/ChatGPT-Image-7-mag-2025-16_41_41.jpg 1024w\" sizes=\"(max-width: 300px) 100vw, 300px\" \/><\/div>\n\t\t<\/a>\n\t\t\t\t<div class=\"elementor-post__text\">\n\t\t\t\t<h3 class=\"elementor-post__title\">\n\t\t\t<a href=\"https:\/\/tantratenerife.es\/it\/quando-il-desiderio-svanisce-riscoprire-la-sensualita-con-il-tantra\/\" >\n\t\t\t\tQuando il desiderio svanisce: riscoprire la sensualit\u00e0 con il Tantra\t\t\t<\/a>\n\t\t<\/h3>\n\t\t\t\t<div class=\"elementor-post__meta-data\">\n\t\t\t\t\t<span class=\"elementor-post-date\">\n\t\t\tMaggio 7, 2025\t\t<\/span>\n\t\t\t\t<\/div>\n\t\t\t\t<div class=\"elementor-post__excerpt\">\n\t\t\t<p>Ti \u00e8 mai capitato di sentirti distante dal tuo corpo? Forse ti sei accorto che il desiderio si \u00e8 affievolito, che l&#8217;intimit\u00e0 \u00e8 diventata un<\/p>\n\t\t<\/div>\n\t\t\n\t\t<a class=\"elementor-post__read-more\" href=\"https:\/\/tantratenerife.es\/it\/quando-il-desiderio-svanisce-riscoprire-la-sensualita-con-il-tantra\/\" aria-label=\"Leggi tutto Quando il desiderio svanisce: riscoprire la sensualit\u00e0 con il Tantra\" tabindex=\"-1\" >\n\t\t\tLeer m\u00e1s \u00bb\t\t<\/a>\n\n\t\t\t\t<\/div>\n\t\t\t\t<\/article>\n\t\t\t\t<\/div>\n\t\t\n\t\t\t\t\t\t<\/div>\n\t\t\t\t<\/div>\n\t\t\t\t\t<\/div>\n\t\t\t\t<\/div>\n\t\t\t\t<\/div>\n\t\t","protected":false},"excerpt":{"rendered":"<p>Blog<\/p>\n","protected":false},"author":8,"featured_media":0,"parent":0,"menu_order":0,"comment_status":"closed","ping_status":"closed","template":"elementor_header_footer","meta":{"_acf_changed":false,"_seopress_robots_primary_cat":"0","_seopress_titles_title":"","_seopress_titles_desc":"In questo blog esploriamo argomenti legati al tantra, alla spiritualit\u00e0 e agli esseri umani in generale. Guardare!","_seopress_robots_index":"","footnotes":""},"folder":[75],"class_list":["post-4091","page","type-page","status-publish","hentry"],"acf":[],"_links":{"self":[{"href":"https:\/\/tantratenerife.es\/it\/wp-json\/wp\/v2\/pages\/4091","targetHints":{"allow":["GET"]}}],"collection":[{"href":"https:\/\/tantratenerife.es\/it\/wp-json\/wp\/v2\/pages"}],"about":[{"href":"https:\/\/tantratenerife.es\/it\/wp-json\/wp\/v2\/types\/page"}],"author":[{"embeddable":true,"href":"https:\/\/tantratenerife.es\/it\/wp-json\/wp\/v2\/users\/8"}],"replies":[{"embeddable":true,"href":"https:\/\/tantratenerife.es\/it\/wp-json\/wp\/v2\/comments?post=4091"}],"version-history":[{"count":3,"href":"https:\/\/tantratenerife.es\/it\/wp-json\/wp\/v2\/pages\/4091\/revisions"}],"predecessor-version":[{"id":5390,"href":"https:\/\/tantratenerife.es\/it\/wp-json\/wp\/v2\/pages\/4091\/revisions\/5390"}],"wp:attachment":[{"href":"https:\/\/tantratenerife.es\/it\/wp-json\/wp\/v2\/media?parent=4091"}],"wp:term":[{"taxonomy":"folder","embeddable":true,"href":"https:\/\/tantratenerife.es\/it\/wp-json\/wp\/v2\/folder?post=4091"}],"curies":[{"name":"wp","href":"https:\/\/api.w.org\/{rel}","templated":true}]}}