{"id":3836,"date":"2024-05-30T22:49:03","date_gmt":"2024-05-30T22:49:03","guid":{"rendered":"https:\/\/tantratenerife.es\/?page_id=3836"},"modified":"2025-07-02T17:37:56","modified_gmt":"2025-07-02T17:37:56","slug":"tantra-bianco-e-rosso","status":"publish","type":"page","link":"https:\/\/tantratenerife.es\/it\/tantra-bianco-e-rosso\/","title":{"rendered":"Tantra Bianco e Rosso"},"content":{"rendered":"\t\t<div data-elementor-type=\"wp-page\" data-elementor-id=\"3836\" class=\"elementor elementor-3836 elementor-3834\" data-elementor-post-type=\"page\">\n\t\t\t\t<div class=\"elementor-element elementor-element-f6bd8aa e-con-full e-flex e-con e-parent\" data-id=\"f6bd8aa\" data-element_type=\"container\" data-e-type=\"container\">\n\t\t<div class=\"elementor-element elementor-element-3c02610 e-flex e-con-boxed e-con e-child\" data-id=\"3c02610\" data-element_type=\"container\" data-e-type=\"container\" data-settings=\"{&quot;background_background&quot;:&quot;classic&quot;}\">\n\t\t\t\t\t<div class=\"e-con-inner\">\n\t\t<div class=\"elementor-element elementor-element-f07fe12 e-flex e-con-boxed e-con e-child\" data-id=\"f07fe12\" data-element_type=\"container\" data-e-type=\"container\">\n\t\t\t\t\t<div class=\"e-con-inner\">\n\t\t\t\t<div class=\"elementor-element elementor-element-a28768d elementor-widget elementor-widget-text-editor\" data-id=\"a28768d\" data-element_type=\"widget\" data-e-type=\"widget\" data-widget_type=\"text-editor.default\">\n\t\t\t\t<div class=\"elementor-widget-container\">\n\t\t\t\t\t\t\t\t\t<p>I NOSTRI SERVIZI<\/p>\t\t\t\t\t\t\t\t<\/div>\n\t\t\t\t<\/div>\n\t\t\t\t<div class=\"elementor-element elementor-element-1d370c9 elementor-widget elementor-widget-text-editor\" data-id=\"1d370c9\" data-element_type=\"widget\" data-e-type=\"widget\" data-widget_type=\"text-editor.default\">\n\t\t\t\t<div class=\"elementor-widget-container\">\n\t\t\t\t\t\t\t\t\t<h1>Tantra bianco e Tantra rosso<\/h1>\t\t\t\t\t\t\t\t<\/div>\n\t\t\t\t<\/div>\n\t\t\t\t<div class=\"elementor-element elementor-element-7ad15f8 elementor-widget elementor-widget-text-editor\" data-id=\"7ad15f8\" data-element_type=\"widget\" data-e-type=\"widget\" data-widget_type=\"text-editor.default\">\n\t\t\t\t<div class=\"elementor-widget-container\">\n\t\t\t\t\t\t\t\t\t<p><b>E tu cosa scegli oggi?<\/b><\/p><p>Mi piace pensare al Tantra come a una strada: in essa possiamo camminare, correre, guidare un automobile o usare i pattini a rotelle. Possiamo decidere di uscire da soli, in gruppo o in coppia, con un amico che abbiamo appena conosciuto o con uno che frequentiamo da anni, oppure con una persona cara. Possiamo decidere di fermarci in uno o pi\u00f9 negozi di questa via oppure uscire di casa con una meta precisa in mente.<\/p>\t\t\t\t\t\t\t\t<\/div>\n\t\t\t\t<\/div>\n\t\t\t\t\t<\/div>\n\t\t\t\t<\/div>\n\t\t\t\t\t<\/div>\n\t\t\t\t<\/div>\n\t\t<div class=\"elementor-element elementor-element-1b0aa77 e-flex e-con-boxed e-con e-child\" data-id=\"1b0aa77\" data-element_type=\"container\" data-e-type=\"container\" data-settings=\"{&quot;background_background&quot;:&quot;classic&quot;}\">\n\t\t\t\t\t<div class=\"e-con-inner\">\n\t\t<div class=\"elementor-element elementor-element-9a218c0 e-flex e-con-boxed e-con e-child\" data-id=\"9a218c0\" data-element_type=\"container\" data-e-type=\"container\" data-settings=\"{&quot;background_background&quot;:&quot;classic&quot;}\">\n\t\t\t\t\t<div class=\"e-con-inner\">\n\t\t\t\t<div class=\"elementor-element elementor-element-1233932 elementor-widget elementor-widget-heading\" data-id=\"1233932\" data-element_type=\"widget\" data-e-type=\"widget\" data-widget_type=\"heading.default\">\n\t\t\t\t<div class=\"elementor-widget-container\">\n\t\t\t\t\t<h5 class=\"elementor-heading-title elementor-size-default\">Il Tantra \u00e8 una strada<\/h5>\t\t\t\t<\/div>\n\t\t\t\t<\/div>\n\t\t\t\t<div class=\"elementor-element elementor-element-422ea59 elementor-widget elementor-widget-text-editor\" data-id=\"422ea59\" data-element_type=\"widget\" data-e-type=\"widget\" data-widget_type=\"text-editor.default\">\n\t\t\t\t<div class=\"elementor-widget-container\">\n\t\t\t\t\t\t\t\t\t<p>Possiamo approfittare della passeggiata per guardare le persone che incontriamo, le vetrine dei negozi, o per chiacchierare piacevolmente con i compagni o con noi stessi\u2026 Si potrebbe continuare a porre similitudini tra la strada e il Tantra e tutte calzerebbero al 100% con la filosofia tantrica.<\/p><p>Il percorso del Tantra non \u00e8 prestabilito: non ci sono cose da fare, non ci sono tappe obbligatorie, tanto meno tempi prestabiliti in cui stare. Nel tantra abbiamo sempre la possibilit\u00e0 di scegliere tra ci\u00f2 che ora ci piace e sentiamo di voler fare e ci\u00f2 che preferiamo lasciare per un altro giorno o un\u2019altra vita.<\/p>\t\t\t\t\t\t\t\t<\/div>\n\t\t\t\t<\/div>\n\t\t\t\t\t<\/div>\n\t\t\t\t<\/div>\n\t\t\t\t\t<\/div>\n\t\t\t\t<\/div>\n\t\t<div class=\"elementor-element elementor-element-85074f5 e-flex e-con-boxed e-con e-child\" data-id=\"85074f5\" data-element_type=\"container\" data-e-type=\"container\" data-settings=\"{&quot;background_background&quot;:&quot;classic&quot;}\">\n\t\t\t\t\t<div class=\"e-con-inner\">\n\t\t<div class=\"elementor-element elementor-element-4fb475e e-flex e-con-boxed e-con e-child\" data-id=\"4fb475e\" data-element_type=\"container\" data-e-type=\"container\" data-settings=\"{&quot;background_background&quot;:&quot;classic&quot;}\">\n\t\t\t\t\t<div class=\"e-con-inner\">\n\t\t\t\t<div class=\"elementor-element elementor-element-7f0b4b6 elementor-widget elementor-widget-heading\" data-id=\"7f0b4b6\" data-element_type=\"widget\" data-e-type=\"widget\" data-widget_type=\"heading.default\">\n\t\t\t\t<div class=\"elementor-widget-container\">\n\t\t\t\t\t<h5 class=\"elementor-heading-title elementor-size-default\">El Tantra \u00e8 un viaggio<\/h5>\t\t\t\t<\/div>\n\t\t\t\t<\/div>\n\t\t\t\t<div class=\"elementor-element elementor-element-24bfe02 elementor-widget elementor-widget-text-editor\" data-id=\"24bfe02\" data-element_type=\"widget\" data-e-type=\"widget\" data-widget_type=\"text-editor.default\">\n\t\t\t\t<div class=\"elementor-widget-container\">\n\t\t\t\t\t\t\t\t\t<p>Il Tantra \u00e8 un viaggio meraviglioso alla scoperta di noi stessi, delle nostre emozioni, del nostro bimbo interiore e di ci\u00f2 che ci separa dal raggiungimento della felicit\u00e0 e dell\u2019equilibrio.<\/p><p>A seconda dei nostri gusti, della nostra sensibilit\u00e0 e delle nostre preferenze, possiamo decidere di iniziare il nostro viaggio seguendo il percorso del Tantra Bianco o del Tantra Rosso.<\/p>\t\t\t\t\t\t\t\t<\/div>\n\t\t\t\t<\/div>\n\t\t\t\t\t<\/div>\n\t\t\t\t<\/div>\n\t\t\t\t\t<\/div>\n\t\t\t\t<\/div>\n\t\t<div class=\"elementor-element elementor-element-f0a13dd e-flex e-con-boxed e-con e-child\" data-id=\"f0a13dd\" data-element_type=\"container\" data-e-type=\"container\" data-settings=\"{&quot;background_background&quot;:&quot;classic&quot;}\">\n\t\t\t\t\t<div class=\"e-con-inner\">\n\t\t<div class=\"elementor-element elementor-element-41feeaf e-flex e-con-boxed e-con e-child\" data-id=\"41feeaf\" data-element_type=\"container\" data-e-type=\"container\" data-settings=\"{&quot;background_background&quot;:&quot;classic&quot;}\">\n\t\t\t\t\t<div class=\"e-con-inner\">\n\t\t\t\t<div class=\"elementor-element elementor-element-1f6d4b5 elementor-widget elementor-widget-heading\" data-id=\"1f6d4b5\" data-element_type=\"widget\" data-e-type=\"widget\" data-widget_type=\"heading.default\">\n\t\t\t\t<div class=\"elementor-widget-container\">\n\t\t\t\t\t<h5 class=\"elementor-heading-title elementor-size-default\">Il Tantra bianco<\/h5>\t\t\t\t<\/div>\n\t\t\t\t<\/div>\n\t\t\t\t<div class=\"elementor-element elementor-element-0dce40a elementor-widget elementor-widget-text-editor\" data-id=\"0dce40a\" data-element_type=\"widget\" data-e-type=\"widget\" data-widget_type=\"text-editor.default\">\n\t\t\t\t<div class=\"elementor-widget-container\">\n\t\t\t\t\t\t\t\t\t<p>Il Tantra bianco \u00e8 di natura meditativa, non richiede nudit\u00e0 per la sua pratica e si concentra maggiormente sui processi energetici legati all\u2019autoesplorazione. Il tantra bianco ci aiuta a prendere coscienza del nostro corpo, della nostra energia e del nostro stato fisico attraverso l\u2019autoascolto, la respirazione e il movimento spontaneo. Esistono rituali di tantra bianco che innescano potenti processi che ci permettono di guarire le nostre ferite emotive e i blocchi fisici o psicologici a cui siamo legati. Una volta compresi e guariti questi limiti, possiamo permetterci di vivere una vita migliore e pi\u00f9 felice.<\/p>\t\t\t\t\t\t\t\t<\/div>\n\t\t\t\t<\/div>\n\t\t\t\t\t<\/div>\n\t\t\t\t<\/div>\n\t\t\t\t\t<\/div>\n\t\t\t\t<\/div>\n\t\t<div class=\"elementor-element elementor-element-dab0236 e-flex e-con-boxed e-con e-child\" data-id=\"dab0236\" data-element_type=\"container\" data-e-type=\"container\" data-settings=\"{&quot;background_background&quot;:&quot;classic&quot;}\">\n\t\t\t\t\t<div class=\"e-con-inner\">\n\t\t<div class=\"elementor-element elementor-element-ae4c94d e-flex e-con-boxed e-con e-child\" data-id=\"ae4c94d\" data-element_type=\"container\" data-e-type=\"container\" data-settings=\"{&quot;background_background&quot;:&quot;classic&quot;}\">\n\t\t\t\t\t<div class=\"e-con-inner\">\n\t\t\t\t<div class=\"elementor-element elementor-element-9107e1c elementor-widget elementor-widget-heading\" data-id=\"9107e1c\" data-element_type=\"widget\" data-e-type=\"widget\" data-widget_type=\"heading.default\">\n\t\t\t\t<div class=\"elementor-widget-container\">\n\t\t\t\t\t<h5 class=\"elementor-heading-title elementor-size-default\">Il Tantra rosso<\/h5>\t\t\t\t<\/div>\n\t\t\t\t<\/div>\n\t\t\t\t<div class=\"elementor-element elementor-element-b9ccb70 elementor-widget elementor-widget-text-editor\" data-id=\"b9ccb70\" data-element_type=\"widget\" data-e-type=\"widget\" data-widget_type=\"text-editor.default\">\n\t\t\t\t<div class=\"elementor-widget-container\">\n\t\t\t\t\t\t\t\t\t<p>Tantra rosso (o Tantra delle origini) \u00e8 una pratica di coppia e di gruppo in cui il praticante cerca un potente aiuto dall\u2019altra persona per risvegliare la sua energia. Ad esempio, \u00e8 un processo simile a quello che ci porta a guardarci allo specchio la mattina prima di uscire di casa per verificare se siamo in ordine. In questo processo non guardiamo n\u00e9 tocchiamo l\u2019altra persona nello specchio di fronte a noi, poich\u00e9 l\u2019intenzione \u00e8 verso noi stessi. Nel tantra rosso, il contatto visivo o fisico con l\u2019altra persona serve a risvegliare la nostra energia: ci aiuta a indagare e innescare processi di crescita personale, ci aiuta a riconnetterci con il nostro bimbo interiore, a innescare processi di guarigione del corpo fisico ed emotivo, per liberarci da blocchi psicologici, ferite emotive, convinzioni limitanti e riconnetterci con sensazioni ed emozioni perdute.<\/p>\t\t\t\t\t\t\t\t<\/div>\n\t\t\t\t<\/div>\n\t\t\t\t\t<\/div>\n\t\t\t\t<\/div>\n\t\t\t\t\t<\/div>\n\t\t\t\t<\/div>\n\t\t<div class=\"elementor-element elementor-element-7c9e128 e-flex e-con-boxed e-con e-child\" data-id=\"7c9e128\" data-element_type=\"container\" data-e-type=\"container\" data-settings=\"{&quot;background_background&quot;:&quot;classic&quot;}\">\n\t\t\t\t\t<div class=\"e-con-inner\">\n\t\t<div class=\"elementor-element elementor-element-bee88be e-flex e-con-boxed e-con e-child\" data-id=\"bee88be\" data-element_type=\"container\" data-e-type=\"container\" data-settings=\"{&quot;background_background&quot;:&quot;classic&quot;}\">\n\t\t\t\t\t<div class=\"e-con-inner\">\n\t\t\t\t<div class=\"elementor-element elementor-element-c3bf100 elementor-widget elementor-widget-heading\" data-id=\"c3bf100\" data-element_type=\"widget\" data-e-type=\"widget\" data-widget_type=\"heading.default\">\n\t\t\t\t<div class=\"elementor-widget-container\">\n\t\t\t\t\t<h5 class=\"elementor-heading-title elementor-size-default\">Il Tantra e il cuore<\/h5>\t\t\t\t<\/div>\n\t\t\t\t<\/div>\n\t\t\t\t<div class=\"elementor-element elementor-element-d423595 elementor-widget elementor-widget-text-editor\" data-id=\"d423595\" data-element_type=\"widget\" data-e-type=\"widget\" data-widget_type=\"text-editor.default\">\n\t\t\t\t<div class=\"elementor-widget-container\">\n\t\t\t\t\t\t\t\t\t<p>Nel tantra permettiamo al nostro cuore di esprimersi, permettiamo alle emozioni di venire a galla nella loro interezza, accettandole, e permettiamo alle nostre parti di luce e ombra di mostrarsi perch\u00e9 \u00e8 la combinazione di luce e ombra che ci rende esseri unici in questo Universo. Nel Tantra, decidiamo noi il percorso da seguire poich\u00e9 nel Tantra non ci sono giudizi.<\/p><p><b>E tu cosa scegli oggi?<\/b><\/p>\t\t\t\t\t\t\t\t<\/div>\n\t\t\t\t<\/div>\n\t\t\t\t\t<\/div>\n\t\t\t\t<\/div>\n\t\t\t\t\t<\/div>\n\t\t\t\t<\/div>\n\t\t\t\t<\/div>\n\t\t\t\t<\/div>\n\t\t","protected":false},"excerpt":{"rendered":"<p>I NOSTRI SERVIZI Tantra bianco e Tantra rosso E tu cosa scegli oggi? Mi piace pensare al Tantra come a una strada: in essa possiamo camminare, correre, guidare un automobile o usare i pattini a rotelle. Possiamo decidere di uscire da soli, in gruppo o in coppia, con un amico che abbiamo appena conosciuto o [&hellip;]<\/p>\n","protected":false},"author":8,"featured_media":0,"parent":0,"menu_order":0,"comment_status":"closed","ping_status":"closed","template":"elementor_header_footer","meta":{"_acf_changed":false,"_seopress_robots_primary_cat":"0","_seopress_titles_title":"Tantra Rosso e Bianco a Tenerife: Scopri i suoi sentieri | Tantra Tenerife","_seopress_titles_desc":"Esplora il Tantra Rosso e Bianco a Tenerife: antiche pratiche per migliorare la vita e le relazioni.","_seopress_robots_index":"","footnotes":""},"folder":[75],"class_list":["post-3836","page","type-page","status-publish","hentry"],"acf":[],"_links":{"self":[{"href":"https:\/\/tantratenerife.es\/it\/wp-json\/wp\/v2\/pages\/3836","targetHints":{"allow":["GET"]}}],"collection":[{"href":"https:\/\/tantratenerife.es\/it\/wp-json\/wp\/v2\/pages"}],"about":[{"href":"https:\/\/tantratenerife.es\/it\/wp-json\/wp\/v2\/types\/page"}],"author":[{"embeddable":true,"href":"https:\/\/tantratenerife.es\/it\/wp-json\/wp\/v2\/users\/8"}],"replies":[{"embeddable":true,"href":"https:\/\/tantratenerife.es\/it\/wp-json\/wp\/v2\/comments?post=3836"}],"version-history":[{"count":15,"href":"https:\/\/tantratenerife.es\/it\/wp-json\/wp\/v2\/pages\/3836\/revisions"}],"predecessor-version":[{"id":8156,"href":"https:\/\/tantratenerife.es\/it\/wp-json\/wp\/v2\/pages\/3836\/revisions\/8156"}],"wp:attachment":[{"href":"https:\/\/tantratenerife.es\/it\/wp-json\/wp\/v2\/media?parent=3836"}],"wp:term":[{"taxonomy":"folder","embeddable":true,"href":"https:\/\/tantratenerife.es\/it\/wp-json\/wp\/v2\/folder?post=3836"}],"curies":[{"name":"wp","href":"https:\/\/api.w.org\/{rel}","templated":true}]}}