{"id":4090,"date":"2024-05-31T19:59:07","date_gmt":"2024-05-31T19:59:07","guid":{"rendered":"https:\/\/tantratenerife.es\/?page_id=4090"},"modified":"2024-07-26T00:07:49","modified_gmt":"2024-07-26T00:07:49","slug":"blog","status":"publish","type":"page","link":"https:\/\/tantratenerife.es\/en\/blog\/","title":{"rendered":"Blog"},"content":{"rendered":"\t\t<div data-elementor-type=\"wp-page\" data-elementor-id=\"4090\" class=\"elementor elementor-4090 elementor-4089\" data-elementor-post-type=\"page\">\n\t\t\t\t<div class=\"elementor-element elementor-element-042a460 e-flex e-con-boxed e-con e-parent\" data-id=\"042a460\" data-element_type=\"container\" data-e-type=\"container\" data-settings=\"{&quot;background_background&quot;:&quot;classic&quot;}\">\n\t\t\t\t\t<div class=\"e-con-inner\">\n\t\t<div class=\"elementor-element elementor-element-1b5e8d9 e-flex e-con-boxed e-con e-child\" data-id=\"1b5e8d9\" data-element_type=\"container\" data-e-type=\"container\">\n\t\t\t\t\t<div class=\"e-con-inner\">\n\t\t\t\t<div class=\"elementor-element elementor-element-12bd281 elementor-widget elementor-widget-text-editor\" data-id=\"12bd281\" data-element_type=\"widget\" data-e-type=\"widget\" data-widget_type=\"text-editor.default\">\n\t\t\t\t<div class=\"elementor-widget-container\">\n\t\t\t\t\t\t\t\t\t<p>Blog<\/p>\t\t\t\t\t\t\t\t<\/div>\n\t\t\t\t<\/div>\n\t\t\t\t\t<\/div>\n\t\t\t\t<\/div>\n\t\t\t\t\t<\/div>\n\t\t\t\t<\/div>\n\t\t<div class=\"elementor-element elementor-element-00a2c3e e-flex e-con-boxed e-con e-parent\" data-id=\"00a2c3e\" data-element_type=\"container\" data-e-type=\"container\">\n\t\t\t\t\t<div class=\"e-con-inner\">\n\t\t\t\t<div class=\"elementor-element elementor-element-7b6dcf6 elementor-grid-3 elementor-grid-tablet-2 elementor-grid-mobile-1 elementor-posts--thumbnail-top elementor-widget elementor-widget-posts\" data-id=\"7b6dcf6\" data-element_type=\"widget\" data-e-type=\"widget\" data-settings=\"{&quot;classic_columns&quot;:&quot;3&quot;,&quot;classic_columns_tablet&quot;:&quot;2&quot;,&quot;classic_columns_mobile&quot;:&quot;1&quot;,&quot;classic_row_gap&quot;:{&quot;unit&quot;:&quot;px&quot;,&quot;size&quot;:35,&quot;sizes&quot;:[]},&quot;classic_row_gap_tablet&quot;:{&quot;unit&quot;:&quot;px&quot;,&quot;size&quot;:&quot;&quot;,&quot;sizes&quot;:[]},&quot;classic_row_gap_mobile&quot;:{&quot;unit&quot;:&quot;px&quot;,&quot;size&quot;:&quot;&quot;,&quot;sizes&quot;:[]}}\" data-widget_type=\"posts.classic\">\n\t\t\t\t<div class=\"elementor-widget-container\">\n\t\t\t\t\t\t\t<div class=\"elementor-posts-container elementor-posts elementor-posts--skin-classic elementor-grid\" role=\"list\">\n\t\t\t\t<article class=\"elementor-post elementor-grid-item post-8160 post type-post status-publish format-standard has-post-thumbnail hentry category-sin-categorizar\" role=\"listitem\">\n\t\t\t\t<a class=\"elementor-post__thumbnail__link\" href=\"https:\/\/tantratenerife.es\/en\/despertando-la-conciencia-de-unidad-formacion-de-tantra-online\/\" tabindex=\"-1\" >\n\t\t\t<div class=\"elementor-post__thumbnail\"><img fetchpriority=\"high\" decoding=\"async\" width=\"300\" height=\"200\" src=\"https:\/\/tantratenerife.es\/wp-content\/uploads\/2025\/07\/laura-carcel-300x200.jpg\" class=\"attachment-medium size-medium wp-image-8163\" alt=\"formacion online laura carcel\" srcset=\"https:\/\/tantratenerife.es\/wp-content\/uploads\/2025\/07\/laura-carcel-300x200.jpg 300w, https:\/\/tantratenerife.es\/wp-content\/uploads\/2025\/07\/laura-carcel-1024x683.jpg 1024w, https:\/\/tantratenerife.es\/wp-content\/uploads\/2025\/07\/laura-carcel-768x512.jpg 768w, https:\/\/tantratenerife.es\/wp-content\/uploads\/2025\/07\/laura-carcel.jpg 1536w\" sizes=\"(max-width: 300px) 100vw, 300px\" \/><\/div>\n\t\t<\/a>\n\t\t\t\t<div class=\"elementor-post__text\">\n\t\t\t\t<h3 class=\"elementor-post__title\">\n\t\t\t<a href=\"https:\/\/tantratenerife.es\/en\/despertando-la-conciencia-de-unidad-formacion-de-tantra-online\/\" >\n\t\t\t\tDespertando la Conciencia de Unidad: Formaci\u00f3n de Tantra Online\t\t\t<\/a>\n\t\t<\/h3>\n\t\t\t\t<div class=\"elementor-post__meta-data\">\n\t\t\t\t\t<span class=\"elementor-post-date\">\n\t\t\tJuly 15, 2025\t\t<\/span>\n\t\t\t\t<\/div>\n\t\t\t\t<div class=\"elementor-post__excerpt\">\n\t\t\t<p>En un mundo cada vez m\u00e1s digitalizado, la b\u00fasqueda de la paz interior y el bienestar emocional tambi\u00e9n ha encontrado su camino en el \u00e1mbito<\/p>\n\t\t<\/div>\n\t\t\n\t\t<a class=\"elementor-post__read-more\" href=\"https:\/\/tantratenerife.es\/en\/despertando-la-conciencia-de-unidad-formacion-de-tantra-online\/\" aria-label=\"Read more about Despertando la Conciencia de Unidad: Formaci\u00f3n de Tantra Online\" tabindex=\"-1\" >\n\t\t\tLeer m\u00e1s \u00bb\t\t<\/a>\n\n\t\t\t\t<\/div>\n\t\t\t\t<\/article>\n\t\t\t\t<article class=\"elementor-post elementor-grid-item post-7845 post type-post status-publish format-standard has-post-thumbnail hentry category-uncategorized\" role=\"listitem\">\n\t\t\t\t<a class=\"elementor-post__thumbnail__link\" href=\"https:\/\/tantratenerife.es\/en\/massage-in-tenerife-relax-your-body-and-discover-an-experience-beyond-the-ordinary\/\" tabindex=\"-1\" >\n\t\t\t<div class=\"elementor-post__thumbnail\"><img decoding=\"async\" width=\"300\" height=\"300\" src=\"https:\/\/tantratenerife.es\/wp-content\/uploads\/2025\/06\/masaje-en-tenerife-descubre-una-experiencia-300x300.jpg\" class=\"attachment-medium size-medium wp-image-7839\" alt=\"tenerife massage - masaje en tenerife - massaggio a tenerife\" srcset=\"https:\/\/tantratenerife.es\/wp-content\/uploads\/2025\/06\/masaje-en-tenerife-descubre-una-experiencia-300x300.jpg 300w, https:\/\/tantratenerife.es\/wp-content\/uploads\/2025\/06\/masaje-en-tenerife-descubre-una-experiencia-150x150.jpg 150w, https:\/\/tantratenerife.es\/wp-content\/uploads\/2025\/06\/masaje-en-tenerife-descubre-una-experiencia-768x768.jpg 768w, https:\/\/tantratenerife.es\/wp-content\/uploads\/2025\/06\/masaje-en-tenerife-descubre-una-experiencia.jpg 1024w\" sizes=\"(max-width: 300px) 100vw, 300px\" \/><\/div>\n\t\t<\/a>\n\t\t\t\t<div class=\"elementor-post__text\">\n\t\t\t\t<h3 class=\"elementor-post__title\">\n\t\t\t<a href=\"https:\/\/tantratenerife.es\/en\/massage-in-tenerife-relax-your-body-and-discover-an-experience-beyond-the-ordinary\/\" >\n\t\t\t\tMassage in Tenerife: Relax Your Body and Discover an Experience Beyond the Ordinary\t\t\t<\/a>\n\t\t<\/h3>\n\t\t\t\t<div class=\"elementor-post__meta-data\">\n\t\t\t\t\t<span class=\"elementor-post-date\">\n\t\t\tJune 3, 2025\t\t<\/span>\n\t\t\t\t<\/div>\n\t\t\t\t<div class=\"elementor-post__excerpt\">\n\t\t\t<p>Tenerife is more than just sun, sea, and holidays. It&#8217;s a place where you can reconnect with yourself and your well-being. If you&#8217;re seeking a<\/p>\n\t\t<\/div>\n\t\t\n\t\t<a class=\"elementor-post__read-more\" href=\"https:\/\/tantratenerife.es\/en\/massage-in-tenerife-relax-your-body-and-discover-an-experience-beyond-the-ordinary\/\" aria-label=\"Read more about Massage in Tenerife: Relax Your Body and Discover an Experience Beyond the Ordinary\" tabindex=\"-1\" >\n\t\t\tLeer m\u00e1s \u00bb\t\t<\/a>\n\n\t\t\t\t<\/div>\n\t\t\t\t<\/article>\n\t\t\t\t<article class=\"elementor-post elementor-grid-item post-7831 post type-post status-publish format-standard has-post-thumbnail hentry category-uncategorized\" role=\"listitem\">\n\t\t\t\t<a class=\"elementor-post__thumbnail__link\" href=\"https:\/\/tantratenerife.es\/en\/massage-in-tenerife-discover-the-perfect-experience-for-your-body-and-mind\/\" tabindex=\"-1\" >\n\t\t\t<div class=\"elementor-post__thumbnail\"><img decoding=\"async\" width=\"300\" height=\"300\" src=\"https:\/\/tantratenerife.es\/wp-content\/uploads\/2025\/06\/masaje-en-tenerife-300x300.jpg\" class=\"attachment-medium size-medium wp-image-7827\" alt=\"masaje tenerife\" srcset=\"https:\/\/tantratenerife.es\/wp-content\/uploads\/2025\/06\/masaje-en-tenerife-300x300.jpg 300w, https:\/\/tantratenerife.es\/wp-content\/uploads\/2025\/06\/masaje-en-tenerife-150x150.jpg 150w, https:\/\/tantratenerife.es\/wp-content\/uploads\/2025\/06\/masaje-en-tenerife-768x768.jpg 768w, https:\/\/tantratenerife.es\/wp-content\/uploads\/2025\/06\/masaje-en-tenerife.jpg 1024w\" sizes=\"(max-width: 300px) 100vw, 300px\" \/><\/div>\n\t\t<\/a>\n\t\t\t\t<div class=\"elementor-post__text\">\n\t\t\t\t<h3 class=\"elementor-post__title\">\n\t\t\t<a href=\"https:\/\/tantratenerife.es\/en\/massage-in-tenerife-discover-the-perfect-experience-for-your-body-and-mind\/\" >\n\t\t\t\tMassage in Tenerife: Discover the Perfect Experience for Your Body and Mind\t\t\t<\/a>\n\t\t<\/h3>\n\t\t\t\t<div class=\"elementor-post__meta-data\">\n\t\t\t\t\t<span class=\"elementor-post-date\">\n\t\t\tJune 3, 2025\t\t<\/span>\n\t\t\t\t<\/div>\n\t\t\t\t<div class=\"elementor-post__excerpt\">\n\t\t\t<p>If you&#8217;re looking for a massage in Tenerife that goes beyond simple relaxation, you\u2019ve just found it. On this island of eternal spring, surrounded by<\/p>\n\t\t<\/div>\n\t\t\n\t\t<a class=\"elementor-post__read-more\" href=\"https:\/\/tantratenerife.es\/en\/massage-in-tenerife-discover-the-perfect-experience-for-your-body-and-mind\/\" aria-label=\"Read more about Massage in Tenerife: Discover the Perfect Experience for Your Body and Mind\" tabindex=\"-1\" >\n\t\t\tLeer m\u00e1s \u00bb\t\t<\/a>\n\n\t\t\t\t<\/div>\n\t\t\t\t<\/article>\n\t\t\t\t<article class=\"elementor-post elementor-grid-item post-7812 post type-post status-publish format-standard has-post-thumbnail hentry category-uncategorized\" role=\"listitem\">\n\t\t\t\t<a class=\"elementor-post__thumbnail__link\" href=\"https:\/\/tantratenerife.es\/en\/%f0%9f%a7%98%e2%99%82%ef%b8%8f-how-can-tantric-massage-help-you-manage-stress-and-chronic-anxiety\/\" tabindex=\"-1\" >\n\t\t\t<div class=\"elementor-post__thumbnail\"><img loading=\"lazy\" decoding=\"async\" width=\"200\" height=\"300\" src=\"https:\/\/tantratenerife.es\/wp-content\/uploads\/2025\/05\/masaje-tantrico-a-gestionar-el-estres-200x300.jpg\" class=\"attachment-medium size-medium wp-image-7810\" alt=\"\u00bfC\u00f3mo puede ayudarte el masaje t\u00e1ntrico a gestionar el estr\u00e9s y la ansiedad cr\u00f3nica?\" srcset=\"https:\/\/tantratenerife.es\/wp-content\/uploads\/2025\/05\/masaje-tantrico-a-gestionar-el-estres-200x300.jpg 200w, https:\/\/tantratenerife.es\/wp-content\/uploads\/2025\/05\/masaje-tantrico-a-gestionar-el-estres-683x1024.jpg 683w, https:\/\/tantratenerife.es\/wp-content\/uploads\/2025\/05\/masaje-tantrico-a-gestionar-el-estres-768x1152.jpg 768w, https:\/\/tantratenerife.es\/wp-content\/uploads\/2025\/05\/masaje-tantrico-a-gestionar-el-estres.jpg 1024w\" sizes=\"(max-width: 200px) 100vw, 200px\" \/><\/div>\n\t\t<\/a>\n\t\t\t\t<div class=\"elementor-post__text\">\n\t\t\t\t<h3 class=\"elementor-post__title\">\n\t\t\t<a href=\"https:\/\/tantratenerife.es\/en\/%f0%9f%a7%98%e2%99%82%ef%b8%8f-how-can-tantric-massage-help-you-manage-stress-and-chronic-anxiety\/\" >\n\t\t\t\t\ud83e\uddd8\u200d\u2642\ufe0f How Can Tantric Massage Help You Manage Stress and Chronic Anxiety?\t\t\t<\/a>\n\t\t<\/h3>\n\t\t\t\t<div class=\"elementor-post__meta-data\">\n\t\t\t\t\t<span class=\"elementor-post-date\">\n\t\t\tMay 29, 2025\t\t<\/span>\n\t\t\t\t<\/div>\n\t\t\t\t<div class=\"elementor-post__excerpt\">\n\t\t\t<p>\ud83d\ude29 Is Stress Taking a Toll on You? If you feel tense, exhausted, or your mind is constantly racing, you\u2019re not alone. Stress and chronic<\/p>\n\t\t<\/div>\n\t\t\n\t\t<a class=\"elementor-post__read-more\" href=\"https:\/\/tantratenerife.es\/en\/%f0%9f%a7%98%e2%99%82%ef%b8%8f-how-can-tantric-massage-help-you-manage-stress-and-chronic-anxiety\/\" aria-label=\"Read more about \ud83e\uddd8\u200d\u2642\ufe0f How Can Tantric Massage Help You Manage Stress and Chronic Anxiety?\" tabindex=\"-1\" >\n\t\t\tLeer m\u00e1s \u00bb\t\t<\/a>\n\n\t\t\t\t<\/div>\n\t\t\t\t<\/article>\n\t\t\t\t<article class=\"elementor-post elementor-grid-item post-7727 post type-post status-publish format-standard has-post-thumbnail hentry category-uncategorized\" role=\"listitem\">\n\t\t\t\t<a class=\"elementor-post__thumbnail__link\" href=\"https:\/\/tantratenerife.es\/en\/reconnecting-through-tantra-restoring-intimacy-in-your-relationship\/\" tabindex=\"-1\" >\n\t\t\t<div class=\"elementor-post__thumbnail\"><img loading=\"lazy\" decoding=\"async\" width=\"200\" height=\"300\" src=\"https:\/\/tantratenerife.es\/wp-content\/uploads\/2025\/05\/ChatGPT-Image-7-mag-2025-18_42_04-200x300.jpg\" class=\"attachment-medium size-medium wp-image-7724\" alt=\"intimidad y conexi\u00f3n\" srcset=\"https:\/\/tantratenerife.es\/wp-content\/uploads\/2025\/05\/ChatGPT-Image-7-mag-2025-18_42_04-200x300.jpg 200w, https:\/\/tantratenerife.es\/wp-content\/uploads\/2025\/05\/ChatGPT-Image-7-mag-2025-18_42_04-683x1024.jpg 683w, https:\/\/tantratenerife.es\/wp-content\/uploads\/2025\/05\/ChatGPT-Image-7-mag-2025-18_42_04-768x1152.jpg 768w, https:\/\/tantratenerife.es\/wp-content\/uploads\/2025\/05\/ChatGPT-Image-7-mag-2025-18_42_04.jpg 1024w\" sizes=\"(max-width: 200px) 100vw, 200px\" \/><\/div>\n\t\t<\/a>\n\t\t\t\t<div class=\"elementor-post__text\">\n\t\t\t\t<h3 class=\"elementor-post__title\">\n\t\t\t<a href=\"https:\/\/tantratenerife.es\/en\/reconnecting-through-tantra-restoring-intimacy-in-your-relationship\/\" >\n\t\t\t\tReconnecting Through Tantra: Restoring Intimacy in Your Relationship\t\t\t<\/a>\n\t\t<\/h3>\n\t\t\t\t<div class=\"elementor-post__meta-data\">\n\t\t\t\t\t<span class=\"elementor-post-date\">\n\t\t\tMay 7, 2025\t\t<\/span>\n\t\t\t\t<\/div>\n\t\t\t\t<div class=\"elementor-post__excerpt\">\n\t\t\t<p>Ever felt close\u2026 but disconnected? Even strong relationships can suffer from stress, miscommunication, or routine. Tantra offers a path to rediscover connection \u2014 emotionally, physically,<\/p>\n\t\t<\/div>\n\t\t\n\t\t<a class=\"elementor-post__read-more\" href=\"https:\/\/tantratenerife.es\/en\/reconnecting-through-tantra-restoring-intimacy-in-your-relationship\/\" aria-label=\"Read more about Reconnecting Through Tantra: Restoring Intimacy in Your Relationship\" tabindex=\"-1\" >\n\t\t\tLeer m\u00e1s \u00bb\t\t<\/a>\n\n\t\t\t\t<\/div>\n\t\t\t\t<\/article>\n\t\t\t\t<article class=\"elementor-post elementor-grid-item post-7717 post type-post status-publish format-standard has-post-thumbnail hentry category-uncategorized\" role=\"listitem\">\n\t\t\t\t<a class=\"elementor-post__thumbnail__link\" href=\"https:\/\/tantratenerife.es\/en\/when-desire-fades-rediscovering-sensuality-through-tantra\/\" tabindex=\"-1\" >\n\t\t\t<div class=\"elementor-post__thumbnail\"><img loading=\"lazy\" decoding=\"async\" width=\"300\" height=\"300\" src=\"https:\/\/tantratenerife.es\/wp-content\/uploads\/2025\/05\/ChatGPT-Image-7-mag-2025-16_41_41-300x300.jpg\" class=\"attachment-medium size-medium wp-image-7714\" alt=\"Masaje t\u00e1ntrico en Tenerife para conectar cuerpo y alma\" srcset=\"https:\/\/tantratenerife.es\/wp-content\/uploads\/2025\/05\/ChatGPT-Image-7-mag-2025-16_41_41-300x300.jpg 300w, https:\/\/tantratenerife.es\/wp-content\/uploads\/2025\/05\/ChatGPT-Image-7-mag-2025-16_41_41-150x150.jpg 150w, https:\/\/tantratenerife.es\/wp-content\/uploads\/2025\/05\/ChatGPT-Image-7-mag-2025-16_41_41-768x768.jpg 768w, https:\/\/tantratenerife.es\/wp-content\/uploads\/2025\/05\/ChatGPT-Image-7-mag-2025-16_41_41.jpg 1024w\" sizes=\"(max-width: 300px) 100vw, 300px\" \/><\/div>\n\t\t<\/a>\n\t\t\t\t<div class=\"elementor-post__text\">\n\t\t\t\t<h3 class=\"elementor-post__title\">\n\t\t\t<a href=\"https:\/\/tantratenerife.es\/en\/when-desire-fades-rediscovering-sensuality-through-tantra\/\" >\n\t\t\t\tWhen Desire Fades: Rediscovering Sensuality Through Tantra\t\t\t<\/a>\n\t\t<\/h3>\n\t\t\t\t<div class=\"elementor-post__meta-data\">\n\t\t\t\t\t<span class=\"elementor-post-date\">\n\t\t\tMay 7, 2025\t\t<\/span>\n\t\t\t\t<\/div>\n\t\t\t\t<div class=\"elementor-post__excerpt\">\n\t\t\t<p>Have you felt disconnected from your body? Perhaps you&#8217;ve noticed a decline in desire, with intimacy becoming a distant memory. In a fast-paced society, it&#8217;s<\/p>\n\t\t<\/div>\n\t\t\n\t\t<a class=\"elementor-post__read-more\" href=\"https:\/\/tantratenerife.es\/en\/when-desire-fades-rediscovering-sensuality-through-tantra\/\" aria-label=\"Read more about When Desire Fades: Rediscovering Sensuality Through Tantra\" tabindex=\"-1\" >\n\t\t\tLeer m\u00e1s \u00bb\t\t<\/a>\n\n\t\t\t\t<\/div>\n\t\t\t\t<\/article>\n\t\t\t\t<\/div>\n\t\t\n\t\t\t\t\t\t<\/div>\n\t\t\t\t<\/div>\n\t\t\t\t\t<\/div>\n\t\t\t\t<\/div>\n\t\t\t\t<\/div>\n\t\t","protected":false},"excerpt":{"rendered":"<p>Blog<\/p>\n","protected":false},"author":8,"featured_media":0,"parent":0,"menu_order":0,"comment_status":"closed","ping_status":"closed","template":"elementor_header_footer","meta":{"_acf_changed":false,"_seopress_robots_primary_cat":"0","_seopress_titles_title":"","_seopress_titles_desc":"In this blog we explore topics related to tantra, spirituality and human beings in general. Check it out!","_seopress_robots_index":"","footnotes":""},"folder":[75],"class_list":["post-4090","page","type-page","status-publish","hentry"],"acf":[],"_links":{"self":[{"href":"https:\/\/tantratenerife.es\/en\/wp-json\/wp\/v2\/pages\/4090","targetHints":{"allow":["GET"]}}],"collection":[{"href":"https:\/\/tantratenerife.es\/en\/wp-json\/wp\/v2\/pages"}],"about":[{"href":"https:\/\/tantratenerife.es\/en\/wp-json\/wp\/v2\/types\/page"}],"author":[{"embeddable":true,"href":"https:\/\/tantratenerife.es\/en\/wp-json\/wp\/v2\/users\/8"}],"replies":[{"embeddable":true,"href":"https:\/\/tantratenerife.es\/en\/wp-json\/wp\/v2\/comments?post=4090"}],"version-history":[{"count":7,"href":"https:\/\/tantratenerife.es\/en\/wp-json\/wp\/v2\/pages\/4090\/revisions"}],"predecessor-version":[{"id":5695,"href":"https:\/\/tantratenerife.es\/en\/wp-json\/wp\/v2\/pages\/4090\/revisions\/5695"}],"wp:attachment":[{"href":"https:\/\/tantratenerife.es\/en\/wp-json\/wp\/v2\/media?parent=4090"}],"wp:term":[{"taxonomy":"folder","embeddable":true,"href":"https:\/\/tantratenerife.es\/en\/wp-json\/wp\/v2\/folder?post=4090"}],"curies":[{"name":"wp","href":"https:\/\/api.w.org\/{rel}","templated":true}]}}